{"id":8055,"date":"2018-08-21T12:21:13","date_gmt":"2018-08-21T12:21:13","guid":{"rendered":"http:\/\/hanshin-imports.ch\/?post_type=product&#038;p=8055"},"modified":"2024-03-21T12:32:38","modified_gmt":"2024-03-21T12:32:38","slug":"zestino-slick-circuit-01s","status":"publish","type":"product","link":"https:\/\/hanshin-imports.ch\/index.php\/product\/zestino-slick-circuit-01s\/","title":{"rendered":"Zestino Slick Circuit 01S"},"content":{"rendered":"<h3 style=\"margin:0px 0px 20px;padding:0px;border:0px none;font-style:normal;font-weight:400;font-size:24px;line-height:1.2125em;font-family:'Open Sans', Helvetica, sans-serif;color:#2a2a2a;letter-spacing:normal;text-align:center;text-indent:0px;text-transform:none;white-space:normal;word-spacing:0px;background-color:#ffffff;\"><\/h3>\n<h3 style=\"text-align:center;\"><span style=\"color:#ffffff;\"><strong>Pneus Zestino Circuit 01S Full Slick. Ce pneu Full Slick haute performance vous donne une excellente capacit\u00e9 d&#8217;adh\u00e9rence sur le circuit et des performances continues m\u00eame dans la limite. Le pneu Slick ultime pour Race, Trackdays et Time Attack.<\/strong><\/span><\/h3>\n<h3 style=\"margin:0px 0px 20px;padding:0px;border:0px none;font-style:normal;font-weight:400;font-size:24px;line-height:1.2125em;font-family:'Open Sans', Helvetica, sans-serif;color:#2a2a2a;letter-spacing:normal;text-align:center;text-indent:0px;text-transform:none;white-space:normal;word-spacing:0px;background-color:#ffffff;\"><\/h3>\n","protected":false},"excerpt":{"rendered":"<p>Zestino Gravel 09R<\/p>\n","protected":false},"featured_media":8128,"comment_status":"open","ping_status":"open","template":"","meta":{"_et_pb_use_builder":"","_et_pb_old_content":"","_et_gb_content_width":"","_monsterinsights_skip_tracking":false,"_monsterinsights_sitenote_active":false,"_monsterinsights_sitenote_note":"","_monsterinsights_sitenote_category":0},"product_brand":[62],"product_cat":[5020,5230,5231,755,744,722,711,700,689,678,667,656,645,433,634,442,441,440,439,438,437,436,435,434,443,432,431,430,429,428,427,426,425,226,37,454,623,462,461,460,459,458,457,456,455,444,453,452,451,450,449,448,447,446,445],"product_tag":[2587,1755,2550],"class_list":{"0":"post-8055","1":"product","2":"type-product","3":"status-publish","4":"has-post-thumbnail","6":"product_brand-zestino-tire","7":"product_cat-wheels-54","8":"product_cat-wheels-lotus-elise","9":"product_cat-wheels-lotus-exige","10":"product_cat-wheels-53","11":"product_cat-wheels-52","12":"product_cat-wheels-50","13":"product_cat-wheels-49","14":"product_cat-wheels-48","15":"product_cat-wheels-47","16":"product_cat-wheels-46","17":"product_cat-wheels-45","18":"product_cat-wheels-44","19":"product_cat-wheels-43","20":"product_cat-wheels-11","21":"product_cat-wheels-42","22":"product_cat-wheels-20","23":"product_cat-wheels-19","24":"product_cat-wheels-18","25":"product_cat-wheels-17","26":"product_cat-wheels-16","27":"product_cat-wheels-15","28":"product_cat-wheels-14","29":"product_cat-wheels-13","30":"product_cat-wheels-12","31":"product_cat-wheels-21","32":"product_cat-wheels-10","33":"product_cat-wheels-9","34":"product_cat-wheels-8","35":"product_cat-wheels-7","36":"product_cat-wheels-6","37":"product_cat-wheels-5","38":"product_cat-wheels-4","39":"product_cat-wheels-3","40":"product_cat-wheels-2","41":"product_cat-wheels","42":"product_cat-wheels-32","43":"product_cat-wheels-41","44":"product_cat-wheels-40","45":"product_cat-wheels-39","46":"product_cat-wheels-38","47":"product_cat-wheels-37","48":"product_cat-wheels-36","49":"product_cat-wheels-35","50":"product_cat-wheels-34","51":"product_cat-wheels-33","52":"product_cat-wheels-22","53":"product_cat-wheels-31","54":"product_cat-wheels-30","55":"product_cat-wheels-29","56":"product_cat-wheels-28","57":"product_cat-wheels-27","58":"product_cat-wheels-26","59":"product_cat-wheels-25","60":"product_cat-wheels-24","61":"product_cat-wheels-23","62":"product_tag-slick","63":"product_tag-tire","64":"product_tag-zestino","65":"pa_road-legal-in-switzerland-no-for-race-only","66":"pa_zestino-property-hard","67":"pa_zestino-property-medium","68":"pa_zestino-property-soft","69":"pa_zestino-slick-tyres-190-570r15","70":"pa_zestino-slick-tyres-195-50r15-3","71":"pa_zestino-slick-tyres-200-580r15","72":"pa_zestino-slick-tyres-205-50r15-2","73":"pa_zestino-slick-tyres-205-580r15","74":"pa_zestino-slick-tyres-225-580r15","75":"pa_zestino-slick-tyres-235-45r17-3","76":"pa_zestino-slick-tyres-240-610r17","77":"pa_zestino-slick-tyres-240-620r17","78":"pa_zestino-slick-tyres-240-640r18","79":"pa_zestino-slick-tyres-245-35r20","80":"pa_zestino-slick-tyres-250-640r18","81":"pa_zestino-slick-tyres-250-650r18","82":"pa_zestino-slick-tyres-255-30r19-2","83":"pa_zestino-slick-tyres-265-30r19-2","84":"pa_zestino-slick-tyres-265-35r18-3","85":"pa_zestino-slick-tyres-275-35r18-2","86":"pa_zestino-slick-tyres-280-650r18","87":"pa_zestino-slick-tyres-280-680r18","88":"pa_zestino-slick-tyres-295-30r19-2","89":"pa_zestino-slick-tyres-300-650r18","90":"pa_zestino-slick-tyres-300-680r18","91":"pa_zestino-slick-tyres-305-30r20","92":"pa_zestino-slick-tyres-325-710r18","94":"first","95":"onbackorder","96":"taxable","97":"shipping-taxable","98":"purchasable","99":"product-type-variable"},"supplier_id":null,"supplier_sku":"","barcode":null,"atum_controlled":true,"out_stock_date":null,"out_stock_threshold":null,"inheritable":false,"inbound_stock":0,"stock_on_hold":0,"sold_today":0,"sales_last_days":0,"reserved_stock":0,"customer_returns":0,"warehouse_damage":0,"lost_in_post":0,"other_logs":0,"out_stock_days":0,"lost_sales":0,"has_location":false,"update_date":"2025-06-11T10:02:49","atum_locations":[],"atum_stock_status":"onbackorder","restock_status":false,"low_stock_amount":"","sales_update_date":"2025-06-11T10:02:49","calc_backorders":-9,"jetpack_sharing_enabled":true,"_links":{"self":[{"href":"https:\/\/hanshin-imports.ch\/index.php\/wp-json\/wp\/v2\/product\/8055","targetHints":{"allow":["GET"]}}],"collection":[{"href":"https:\/\/hanshin-imports.ch\/index.php\/wp-json\/wp\/v2\/product"}],"about":[{"href":"https:\/\/hanshin-imports.ch\/index.php\/wp-json\/wp\/v2\/types\/product"}],"replies":[{"embeddable":true,"href":"https:\/\/hanshin-imports.ch\/index.php\/wp-json\/wp\/v2\/comments?post=8055"}],"wp:featuredmedia":[{"embeddable":true,"href":"https:\/\/hanshin-imports.ch\/index.php\/wp-json\/wp\/v2\/media\/8128"}],"wp:attachment":[{"href":"https:\/\/hanshin-imports.ch\/index.php\/wp-json\/wp\/v2\/media?parent=8055"}],"wp:term":[{"taxonomy":"product_brand","embeddable":true,"href":"https:\/\/hanshin-imports.ch\/index.php\/wp-json\/wp\/v2\/product_brand?post=8055"},{"taxonomy":"product_cat","embeddable":true,"href":"https:\/\/hanshin-imports.ch\/index.php\/wp-json\/wp\/v2\/product_cat?post=8055"},{"taxonomy":"product_tag","embeddable":true,"href":"https:\/\/hanshin-imports.ch\/index.php\/wp-json\/wp\/v2\/product_tag?post=8055"}],"curies":[{"name":"wp","href":"https:\/\/api.w.org\/{rel}","templated":true}]}}