{"id":7970,"date":"2018-08-21T09:32:44","date_gmt":"2018-08-21T09:32:44","guid":{"rendered":"http:\/\/hanshin-imports.ch\/?post_type=product&#038;p=7970"},"modified":"2025-12-10T09:00:48","modified_gmt":"2025-12-10T09:00:48","slug":"zestino-semislick-softmediumhard","status":"publish","type":"product","link":"https:\/\/hanshin-imports.ch\/index.php\/product\/zestino-semislick-softmediumhard\/","title":{"rendered":"Zestino GREDGE 07 Semislick"},"content":{"rendered":"<h4 style=\"text-align:center;\"><span style=\"color:#ffffff;\"><strong>Pneus Zestino GREDGE 07RS Semi Slick et Drift. Ce pneu Semi Slick semi doux de Zestino est le pneu ultime Race, Drift et Street pour des performances \u00e9lev\u00e9es. Ces pneus ont une marque E-label et \u00c9nergie.<\/strong><\/span><\/h4>\n","protected":false},"excerpt":{"rendered":"<p>Zestino Semislick Soft\/Medium\/Hard<\/p>\n","protected":false},"featured_media":8028,"comment_status":"open","ping_status":"open","template":"","meta":{"_et_pb_use_builder":"","_et_pb_old_content":"","_et_gb_content_width":"","_monsterinsights_skip_tracking":false,"_monsterinsights_sitenote_active":false,"_monsterinsights_sitenote_note":"","_monsterinsights_sitenote_category":0},"product_brand":[62],"product_cat":[5020,5230,5231,755,744,722,711,700,689,678,667,656,645,634,623,432,442,441,440,439,438,437,436,435,434,433,443,431,430,429,428,427,426,425,226,37,452,461,460,459,458,457,456,455,454,453,462,451,450,449,448,447,446,445,444],"product_tag":[2062,1755,2550],"class_list":{"0":"post-7970","1":"product","2":"type-product","3":"status-publish","4":"has-post-thumbnail","6":"product_brand-zestino-tire","7":"product_cat-wheels-54","8":"product_cat-wheels-lotus-elise","9":"product_cat-wheels-lotus-exige","10":"product_cat-wheels-53","11":"product_cat-wheels-52","12":"product_cat-wheels-50","13":"product_cat-wheels-49","14":"product_cat-wheels-48","15":"product_cat-wheels-47","16":"product_cat-wheels-46","17":"product_cat-wheels-45","18":"product_cat-wheels-44","19":"product_cat-wheels-43","20":"product_cat-wheels-42","21":"product_cat-wheels-41","22":"product_cat-wheels-10","23":"product_cat-wheels-20","24":"product_cat-wheels-19","25":"product_cat-wheels-18","26":"product_cat-wheels-17","27":"product_cat-wheels-16","28":"product_cat-wheels-15","29":"product_cat-wheels-14","30":"product_cat-wheels-13","31":"product_cat-wheels-12","32":"product_cat-wheels-11","33":"product_cat-wheels-21","34":"product_cat-wheels-9","35":"product_cat-wheels-8","36":"product_cat-wheels-7","37":"product_cat-wheels-6","38":"product_cat-wheels-5","39":"product_cat-wheels-4","40":"product_cat-wheels-3","41":"product_cat-wheels-2","42":"product_cat-wheels","43":"product_cat-wheels-30","44":"product_cat-wheels-39","45":"product_cat-wheels-38","46":"product_cat-wheels-37","47":"product_cat-wheels-36","48":"product_cat-wheels-35","49":"product_cat-wheels-34","50":"product_cat-wheels-33","51":"product_cat-wheels-32","52":"product_cat-wheels-31","53":"product_cat-wheels-40","54":"product_cat-wheels-29","55":"product_cat-wheels-28","56":"product_cat-wheels-27","57":"product_cat-wheels-26","58":"product_cat-wheels-25","59":"product_cat-wheels-24","60":"product_cat-wheels-23","61":"product_cat-wheels-22","62":"product_tag-semi-slick","63":"product_tag-tire","64":"product_tag-zestino","65":"pa_road-legal-in-switzerland-yes","66":"pa_styles-semi-slick-properties","67":"pa_zestino-property-hard","68":"pa_zestino-property-medium","69":"pa_zestino-property-soft","70":"pa_zestino-tyres-195-50r15-2","71":"pa_zestino-tyres-205-45r16-2","72":"pa_zestino-tyres-205-45r17-2","73":"pa_zestino-tyres-215-40r17-2","74":"pa_zestino-tyres-215-45r17-2","75":"pa_zestino-tyres-225-40r18-2","76":"pa_zestino-tyres-225-45r17-2","77":"pa_zestino-tyres-235-40r17-2","78":"pa_zestino-tyres-235-40r18-2","79":"pa_zestino-tyres-235-45r17-2","80":"pa_zestino-tyres-245-40r17-2","81":"pa_zestino-tyres-245-40r18-2","82":"pa_zestino-tyres-255-35r18-2","83":"pa_zestino-tyres-255-40r17-2","84":"pa_zestino-tyres-265-35r18-2","85":"pa_zestino-tyres-265-50r20","86":"pa_zestino-tyres-275-35r18","87":"pa_zestino-tyres-275-35r19-2","88":"pa_zestino-tyres-285-35r18","90":"first","91":"onbackorder","92":"taxable","93":"shipping-taxable","94":"purchasable","95":"product-type-variable"},"supplier_id":null,"supplier_sku":"","barcode":null,"atum_controlled":true,"out_stock_date":null,"out_stock_threshold":null,"inheritable":false,"inbound_stock":0,"stock_on_hold":0,"sold_today":0,"sales_last_days":0,"reserved_stock":0,"customer_returns":0,"warehouse_damage":0,"lost_in_post":0,"other_logs":0,"out_stock_days":0,"lost_sales":0,"has_location":false,"update_date":"2026-03-13T15:55:54","atum_locations":[],"atum_stock_status":"onbackorder","restock_status":false,"low_stock_amount":"","sales_update_date":"2025-03-24T09:59:22","calc_backorders":-10,"jetpack_sharing_enabled":true,"_links":{"self":[{"href":"https:\/\/hanshin-imports.ch\/index.php\/wp-json\/wp\/v2\/product\/7970","targetHints":{"allow":["GET"]}}],"collection":[{"href":"https:\/\/hanshin-imports.ch\/index.php\/wp-json\/wp\/v2\/product"}],"about":[{"href":"https:\/\/hanshin-imports.ch\/index.php\/wp-json\/wp\/v2\/types\/product"}],"replies":[{"embeddable":true,"href":"https:\/\/hanshin-imports.ch\/index.php\/wp-json\/wp\/v2\/comments?post=7970"}],"wp:featuredmedia":[{"embeddable":true,"href":"https:\/\/hanshin-imports.ch\/index.php\/wp-json\/wp\/v2\/media\/8028"}],"wp:attachment":[{"href":"https:\/\/hanshin-imports.ch\/index.php\/wp-json\/wp\/v2\/media?parent=7970"}],"wp:term":[{"taxonomy":"product_brand","embeddable":true,"href":"https:\/\/hanshin-imports.ch\/index.php\/wp-json\/wp\/v2\/product_brand?post=7970"},{"taxonomy":"product_cat","embeddable":true,"href":"https:\/\/hanshin-imports.ch\/index.php\/wp-json\/wp\/v2\/product_cat?post=7970"},{"taxonomy":"product_tag","embeddable":true,"href":"https:\/\/hanshin-imports.ch\/index.php\/wp-json\/wp\/v2\/product_tag?post=7970"}],"curies":[{"name":"wp","href":"https:\/\/api.w.org\/{rel}","templated":true}]}}