{"id":7954,"date":"2018-08-13T09:45:30","date_gmt":"2018-08-13T09:45:30","guid":{"rendered":"http:\/\/hanshin-imports.ch\/?post_type=product&#038;p=7954"},"modified":"2021-10-26T16:45:26","modified_gmt":"2021-10-26T16:45:26","slug":"zestino-acrova-07a-drift-sup-hard","status":"publish","type":"product","link":"https:\/\/hanshin-imports.ch\/index.php\/product\/zestino-acrova-07a-drift-sup-hard\/","title":{"rendered":"Zestino Acrova 07A Drift (Sup-Hard)"},"content":{"rendered":"<h3 style=\"text-align:center;\"><span style=\"color:#ffffff;\"><strong>Pneus Zestino Acrova 07A Semi Slick et Drift. Ce pneu Semi Slick dur est le pneu ultime Race, Drift et Street pour des performances \u00e9lev\u00e9es avec une dur\u00e9e plus longue.<\/strong><\/span><\/h3>\n","protected":false},"excerpt":{"rendered":"<p>Zestino TW280 SemiSlick Drift<\/p>\n","protected":false},"featured_media":7967,"comment_status":"open","ping_status":"open","template":"","meta":{"_et_pb_use_builder":"","_et_pb_old_content":"","_et_gb_content_width":"","_monsterinsights_skip_tracking":false,"_monsterinsights_sitenote_active":false,"_monsterinsights_sitenote_note":"","_monsterinsights_sitenote_category":0},"product_brand":[62],"product_cat":[459,458,755,460,461,462,623,634,645,656,667,678,689,700,711,722,744,457,5020,5230,5231,430,438,437,436,435,434,433,432,431,455,429,428,427,426,425,226,37,447,456,454,453,452,451,450,449,448,439,446,445,444,443,442,441,440],"product_tag":[2062,1755,2550],"class_list":{"0":"post-7954","1":"product","2":"type-product","3":"status-publish","4":"has-post-thumbnail","6":"product_brand-zestino-tire","7":"product_cat-wheels-37","8":"product_cat-wheels-36","9":"product_cat-wheels-53","10":"product_cat-wheels-38","11":"product_cat-wheels-39","12":"product_cat-wheels-40","13":"product_cat-wheels-41","14":"product_cat-wheels-42","15":"product_cat-wheels-43","16":"product_cat-wheels-44","17":"product_cat-wheels-45","18":"product_cat-wheels-46","19":"product_cat-wheels-47","20":"product_cat-wheels-48","21":"product_cat-wheels-49","22":"product_cat-wheels-50","23":"product_cat-wheels-52","24":"product_cat-wheels-35","25":"product_cat-wheels-54","26":"product_cat-wheels-lotus-elise","27":"product_cat-wheels-lotus-exige","28":"product_cat-wheels-8","29":"product_cat-wheels-16","30":"product_cat-wheels-15","31":"product_cat-wheels-14","32":"product_cat-wheels-13","33":"product_cat-wheels-12","34":"product_cat-wheels-11","35":"product_cat-wheels-10","36":"product_cat-wheels-9","37":"product_cat-wheels-33","38":"product_cat-wheels-7","39":"product_cat-wheels-6","40":"product_cat-wheels-5","41":"product_cat-wheels-4","42":"product_cat-wheels-3","43":"product_cat-wheels-2","44":"product_cat-wheels","45":"product_cat-wheels-25","46":"product_cat-wheels-34","47":"product_cat-wheels-32","48":"product_cat-wheels-31","49":"product_cat-wheels-30","50":"product_cat-wheels-29","51":"product_cat-wheels-28","52":"product_cat-wheels-27","53":"product_cat-wheels-26","54":"product_cat-wheels-17","55":"product_cat-wheels-24","56":"product_cat-wheels-23","57":"product_cat-wheels-22","58":"product_cat-wheels-21","59":"product_cat-wheels-20","60":"product_cat-wheels-19","61":"product_cat-wheels-18","62":"product_tag-semi-slick","63":"product_tag-tire","64":"product_tag-zestino","65":"pa_road-legal-in-switzerland-yes","66":"pa_zestino-tyres-205-45r16-2","67":"pa_zestino-tyres-215-45r17-2","68":"pa_zestino-tyres-225-40r18-2","69":"pa_zestino-tyres-225-45r17-2","70":"pa_zestino-tyres-235-35r19-2","71":"pa_zestino-tyres-235-40r17-2","72":"pa_zestino-tyres-235-40r18-2","73":"pa_zestino-tyres-235-45r17-2","74":"pa_zestino-tyres-255-35r18-2","75":"pa_zestino-tyres-255-55r18","76":"pa_zestino-tyres-265-35r18-2","77":"pa_zestino-tyres-265-50r20","79":"first","80":"onbackorder","81":"taxable","82":"shipping-taxable","83":"purchasable","84":"product-type-variable"},"supplier_id":null,"supplier_sku":"","barcode":null,"atum_controlled":true,"out_stock_date":"2021-10-26 16:45:26","out_stock_threshold":null,"inheritable":false,"inbound_stock":0,"stock_on_hold":0,"sold_today":0,"sales_last_days":0,"reserved_stock":0,"customer_returns":0,"warehouse_damage":0,"lost_in_post":0,"other_logs":0,"out_stock_days":1044,"lost_sales":0,"has_location":false,"update_date":"2025-03-24T09:59:24","atum_locations":[],"atum_stock_status":"onbackorder","restock_status":false,"low_stock_amount":"","sales_update_date":"2025-03-24T09:59:24","calc_backorders":0,"jetpack_sharing_enabled":true,"_links":{"self":[{"href":"https:\/\/hanshin-imports.ch\/index.php\/wp-json\/wp\/v2\/product\/7954","targetHints":{"allow":["GET"]}}],"collection":[{"href":"https:\/\/hanshin-imports.ch\/index.php\/wp-json\/wp\/v2\/product"}],"about":[{"href":"https:\/\/hanshin-imports.ch\/index.php\/wp-json\/wp\/v2\/types\/product"}],"replies":[{"embeddable":true,"href":"https:\/\/hanshin-imports.ch\/index.php\/wp-json\/wp\/v2\/comments?post=7954"}],"wp:featuredmedia":[{"embeddable":true,"href":"https:\/\/hanshin-imports.ch\/index.php\/wp-json\/wp\/v2\/media\/7967"}],"wp:attachment":[{"href":"https:\/\/hanshin-imports.ch\/index.php\/wp-json\/wp\/v2\/media?parent=7954"}],"wp:term":[{"taxonomy":"product_brand","embeddable":true,"href":"https:\/\/hanshin-imports.ch\/index.php\/wp-json\/wp\/v2\/product_brand?post=7954"},{"taxonomy":"product_cat","embeddable":true,"href":"https:\/\/hanshin-imports.ch\/index.php\/wp-json\/wp\/v2\/product_cat?post=7954"},{"taxonomy":"product_tag","embeddable":true,"href":"https:\/\/hanshin-imports.ch\/index.php\/wp-json\/wp\/v2\/product_tag?post=7954"}],"curies":[{"name":"wp","href":"https:\/\/api.w.org\/{rel}","templated":true}]}}