{"id":5468,"date":"2017-10-31T12:11:47","date_gmt":"2017-10-31T12:11:47","guid":{"rendered":"http:\/\/hanshin-imports.ch\/?post_type=product&#038;p=5468"},"modified":"2021-10-26T16:15:19","modified_gmt":"2021-10-26T16:15:19","slug":"meguiar-s-x3090-tire-dressing-applicator-pad-auftragsschwamm","status":"publish","type":"product","link":"https:\/\/hanshin-imports.ch\/index.php\/product\/meguiar-s-x3090-tire-dressing-applicator-pad-auftragsschwamm\/","title":{"rendered":"Meguiar&#8217;s Tire Dressing Applicator Pad Auftragsschwamm"},"content":{"rendered":"<div class=\"vi_img_crsl_ctr\">\n<div id=\"ivLargeImage\" style=\"height:515px;\">\n<div style=\"height:516px;\">\n<div class=\"fancybox-outer\">\n<div class=\"fancybox-inner\" style=\"width:591px;height:591px;\">\n<div id=\"pp_full_res\">\n<div>\n<div>\n<div id=\"swipebox-slider\">\n<div class=\"slide current\">\n<div>\n<div class=\"slide current\">\n<div class=\"fancybox-outer\">\n<div class=\"fancybox-inner\" style=\"width:444px;height:525px;\">\n<div id=\"sb-body-inner\">\n<div style=\"height:516px;\"><img decoding=\"async\" src=\"http:\/\/hanshin-imports.ch\/wp-content\/uploads\/2009\/08\/products-71JuH9uqHzL._SL1200_.jpg\" class=\"fullscreen\" style=\"margin-top:10px;margin-left:104px;height:496px;width:516px;\" alt=\"71JuH9uqHzL._SL1200_.jpg\" \/><\/div>\n<\/div>\n<\/div>\n<\/div>\n<\/div>\n<\/div>\n<\/div>\n<\/div>\n<\/div>\n<\/div>\n<\/div>\n<\/div>\n<\/div>\n<\/div>\n<\/div>\n<\/div>\n<div class=\"vi_img_crsl_ctr\">Meguiar\u2019s Tire Dressing Applicator Pad wurde ergonomisch gestaltet, um das Auftragen des Produkts so einfach wie m\u00f6glich zu machen.<\/div>\n<div class=\"vi_img_crsl_ctr\">Das sanfte Schwammpad mit Handgriff sch\u00fctzt ihre H\u00e4nde vor Kontakt mit dem Produkt und ist geeignet f\u00fcr alle Reifen. Inklusive sch\u00fctzendem Deckel f\u00fcr eine saubere Lagerung.<\/div><\/p>\n","protected":false},"excerpt":{"rendered":"<p id=\"title\" class=\"a-size-large a-spacing-none\"><span id=\"productTitle\" class=\"a-size-large\">Meguiar&#8217;s X3090 Tire Dressing Applicator Pad Auftragsschwamm <\/span><\/p>\n<p class=\"a-size-large a-spacing-none\">\n<p class=\"a-size-large a-spacing-none\">\n<p class=\"a-size-large a-spacing-none\">\n<\/p>\n<p class=\"a-size-large a-spacing-none\">\n<p class=\"a-size-large a-spacing-none\">\n<p class=\"a-size-large a-spacing-none\">\n<p class=\"a-size-large a-spacing-none\">\n","protected":false},"featured_media":5469,"comment_status":"open","ping_status":"open","template":"","meta":{"_et_pb_use_builder":"","_et_pb_old_content":"","_et_gb_content_width":"","_monsterinsights_skip_tracking":false,"_monsterinsights_sitenote_active":false,"_monsterinsights_sitenote_note":"","_monsterinsights_sitenote_category":0},"product_brand":[49],"product_cat":[613,600,602,603,604,605,606,607,608,609,610,611,612,601,614,627,638,649,660,671,5017,5227,5234,585,41,228,577,578,579,580,581,582,583,584,599,586,588,598,597,596,595,594,593,592,591,590,589,587],"product_tag":[1777,1776,1744,1741,1778,1755],"class_list":{"0":"post-5468","1":"product","2":"type-product","3":"status-publish","4":"has-post-thumbnail","6":"product_brand-meguiar-s","7":"product_cat-fluids-39","8":"product_cat-fluids-26","9":"product_cat-fluids-28","10":"product_cat-fluids-29","11":"product_cat-fluids-30","12":"product_cat-fluids-31","13":"product_cat-fluids-32","14":"product_cat-fluids-33","15":"product_cat-fluids-34","16":"product_cat-fluids-35","17":"product_cat-fluids-36","18":"product_cat-fluids-37","19":"product_cat-fluids-38","20":"product_cat-fluids-27","21":"product_cat-fluids-40","22":"product_cat-fluids-41","23":"product_cat-fluids-42","24":"product_cat-fluids-43","25":"product_cat-fluids-44","26":"product_cat-fluids-45","27":"product_cat-fluids-54","28":"product_cat-fluids-lotus-elise","29":"product_cat-fluids-lotus-exige","30":"product_cat-fluids-11","31":"product_cat-fluids","32":"product_cat-fluids-2","33":"product_cat-fluids-3","34":"product_cat-fluids-4","35":"product_cat-fluids-5","36":"product_cat-fluids-6","37":"product_cat-fluids-7","38":"product_cat-fluids-8","39":"product_cat-fluids-9","40":"product_cat-fluids-10","41":"product_cat-fluids-25","42":"product_cat-fluids-12","43":"product_cat-fluids-14","44":"product_cat-fluids-24","45":"product_cat-fluids-23","46":"product_cat-fluids-22","47":"product_cat-fluids-21","48":"product_cat-fluids-20","49":"product_cat-fluids-19","50":"product_cat-fluids-18","51":"product_cat-fluids-17","52":"product_cat-fluids-16","53":"product_cat-fluids-15","54":"product_cat-fluids-13","55":"product_tag-applicator","56":"product_tag-auftragsschwamm","57":"product_tag-dressing","58":"product_tag-meguiars","59":"product_tag-pad","60":"product_tag-tire","62":"first","63":"instock","64":"taxable","65":"shipping-taxable","66":"purchasable","67":"product-type-simple"},"supplier_id":null,"supplier_sku":"","barcode":null,"atum_controlled":true,"out_stock_date":null,"out_stock_threshold":null,"inheritable":false,"inbound_stock":0,"stock_on_hold":0,"sold_today":0,"sales_last_days":0,"reserved_stock":0,"customer_returns":0,"warehouse_damage":0,"lost_in_post":0,"other_logs":0,"out_stock_days":0,"lost_sales":0,"has_location":false,"update_date":"2024-09-24T00:22:15","atum_locations":[],"atum_stock_status":"instock","restock_status":false,"low_stock_amount":"","sales_update_date":"2024-09-24T00:22:15","calc_backorders":0,"jetpack_sharing_enabled":true,"_links":{"self":[{"href":"https:\/\/hanshin-imports.ch\/index.php\/wp-json\/wp\/v2\/product\/5468","targetHints":{"allow":["GET"]}}],"collection":[{"href":"https:\/\/hanshin-imports.ch\/index.php\/wp-json\/wp\/v2\/product"}],"about":[{"href":"https:\/\/hanshin-imports.ch\/index.php\/wp-json\/wp\/v2\/types\/product"}],"replies":[{"embeddable":true,"href":"https:\/\/hanshin-imports.ch\/index.php\/wp-json\/wp\/v2\/comments?post=5468"}],"wp:featuredmedia":[{"embeddable":true,"href":"https:\/\/hanshin-imports.ch\/index.php\/wp-json\/wp\/v2\/media\/5469"}],"wp:attachment":[{"href":"https:\/\/hanshin-imports.ch\/index.php\/wp-json\/wp\/v2\/media?parent=5468"}],"wp:term":[{"taxonomy":"product_brand","embeddable":true,"href":"https:\/\/hanshin-imports.ch\/index.php\/wp-json\/wp\/v2\/product_brand?post=5468"},{"taxonomy":"product_cat","embeddable":true,"href":"https:\/\/hanshin-imports.ch\/index.php\/wp-json\/wp\/v2\/product_cat?post=5468"},{"taxonomy":"product_tag","embeddable":true,"href":"https:\/\/hanshin-imports.ch\/index.php\/wp-json\/wp\/v2\/product_tag?post=5468"}],"curies":[{"name":"wp","href":"https:\/\/api.w.org\/{rel}","templated":true}]}}