{"id":5456,"date":"2017-10-31T11:06:02","date_gmt":"2017-10-31T11:06:02","guid":{"rendered":"http:\/\/hanshin-imports.ch\/?post_type=product&#038;p=5456"},"modified":"2021-10-26T16:15:32","modified_gmt":"2021-10-26T16:15:32","slug":"meguiars-mts-buena-vista","status":"publish","type":"product","link":"https:\/\/hanshin-imports.ch\/index.php\/product\/meguiars-mts-buena-vista\/","title":{"rendered":"Meguiar&#8217;s MTS Buena Vista"},"content":{"rendered":"<div class=\"vi_img_crsl_ctr\">\n<div id=\"ivLargeImage\" style=\"height:515px;\">\n<div style=\"height:516px;\">\n<div class=\"fancybox-outer\">\n<div class=\"fancybox-inner\" style=\"width:591px;height:591px;\">\n<div id=\"pp_full_res\">\n<div>\n<div><img decoding=\"async\" id=\"fullResImage\" src=\"http:\/\/hanshin-imports.ch\/wp-content\/uploads\/2018\/03\/products-MTS_BV_2016_800x800.png\" style=\"height:496px;width:496px;\" alt=\"MTS_BV_2016_800x800.png\" \/><\/div>\n<\/div>\n<\/div>\n<\/div>\n<\/div>\n<\/div>\n<\/div>\n<\/div>\n<div class=\"vi_img_crsl_ctr\"><\/div>\n<div class=\"vi_img_crsl_ctr\"><\/div>\n<div class=\"vi_img_crsl_ctr\">\n<div title=\"Page 38\">\n<div>\n<div>\n<p>MTS Buena Vista ist die Weltneuheit in der Glasbehandlung. Es gew\u00e4hrleistet durch die einzigartige chemische Wirkungsweise selbst bei schlechtesten Witterungsbedingungen klare Sicht und leistet damit einen Beitrag f\u00fcr Ihre Sicherheit. Nach einmaliger MTS Buena Vista-Behandlung der Front- sowie der beiden vorderen T\u00fcrscheiben, h\u00e4lt die patentierte Scheibenversiegelung bis zu 10 Monate (6 x l\u00e4nger als vergleichbare Produkte).\u00a0Studien renommierter\u00a0Institute haben bewiesen,\u00a0dass MTS Buena Vista die\u00a0Sicht um 34% verbessert\u00a0und Ihre Reaktionszeit\u00a0dadurch in kritischen\u00a0Verkehrssituationen\u00a0erheblich verk\u00fcrzt. Eis und<br \/> Insektenreste lassen sich\u00a0nach der MTS Buena Vista-Versiegelung leicht entfernen.<\/p>\n<\/p>\n<\/div>\n<\/div>\n<\/div>\n<\/div>\n<div class=\"vi_img_crsl_ctr\"><\/div>\n","protected":false},"excerpt":{"rendered":"<p class=\"product_title entry-title\">Meguiar&#8217;s MTS Buena Vista<\/p>\n<\/p>\n<p id=\"title\" class=\"a-size-large a-spacing-none\">\n<p class=\"a-size-large a-spacing-none\">\n<p class=\"a-size-large a-spacing-none\">\n<p class=\"a-size-large a-spacing-none\">\n","protected":false},"featured_media":5457,"comment_status":"open","ping_status":"open","template":"","meta":{"_et_pb_use_builder":"","_et_pb_old_content":"","_et_gb_content_width":"","_monsterinsights_skip_tracking":false,"_monsterinsights_sitenote_active":false,"_monsterinsights_sitenote_note":"","_monsterinsights_sitenote_category":0},"product_brand":[49],"product_cat":[612,599,601,602,603,604,605,606,607,608,609,610,611,600,613,614,627,638,649,660,671,5017,5227,5234,585,41,228,577,578,579,580,581,582,583,584,598,586,587,588,589,590,591,592,593,594,595,596,597],"product_tag":[1766,1741,1759,1765],"class_list":{"0":"post-5456","1":"product","2":"type-product","3":"status-publish","4":"has-post-thumbnail","6":"product_brand-meguiar-s","7":"product_cat-fluids-38","8":"product_cat-fluids-25","9":"product_cat-fluids-27","10":"product_cat-fluids-28","11":"product_cat-fluids-29","12":"product_cat-fluids-30","13":"product_cat-fluids-31","14":"product_cat-fluids-32","15":"product_cat-fluids-33","16":"product_cat-fluids-34","17":"product_cat-fluids-35","18":"product_cat-fluids-36","19":"product_cat-fluids-37","20":"product_cat-fluids-26","21":"product_cat-fluids-39","22":"product_cat-fluids-40","23":"product_cat-fluids-41","24":"product_cat-fluids-42","25":"product_cat-fluids-43","26":"product_cat-fluids-44","27":"product_cat-fluids-45","28":"product_cat-fluids-54","29":"product_cat-fluids-lotus-elise","30":"product_cat-fluids-lotus-exige","31":"product_cat-fluids-11","32":"product_cat-fluids","33":"product_cat-fluids-2","34":"product_cat-fluids-3","35":"product_cat-fluids-4","36":"product_cat-fluids-5","37":"product_cat-fluids-6","38":"product_cat-fluids-7","39":"product_cat-fluids-8","40":"product_cat-fluids-9","41":"product_cat-fluids-10","42":"product_cat-fluids-24","43":"product_cat-fluids-12","44":"product_cat-fluids-13","45":"product_cat-fluids-14","46":"product_cat-fluids-15","47":"product_cat-fluids-16","48":"product_cat-fluids-17","49":"product_cat-fluids-18","50":"product_cat-fluids-19","51":"product_cat-fluids-20","52":"product_cat-fluids-21","53":"product_cat-fluids-22","54":"product_cat-fluids-23","55":"product_tag-buena","56":"product_tag-meguiars","57":"product_tag-mts","58":"product_tag-vista","60":"first","61":"instock","62":"taxable","63":"shipping-taxable","64":"purchasable","65":"product-type-simple"},"supplier_id":null,"supplier_sku":"","barcode":null,"atum_controlled":true,"out_stock_date":null,"out_stock_threshold":null,"inheritable":false,"inbound_stock":0,"stock_on_hold":0,"sold_today":0,"sales_last_days":0,"reserved_stock":0,"customer_returns":0,"warehouse_damage":0,"lost_in_post":0,"other_logs":0,"out_stock_days":0,"lost_sales":0,"has_location":false,"update_date":"2024-09-24T00:22:15","atum_locations":[],"atum_stock_status":"instock","restock_status":false,"low_stock_amount":"","sales_update_date":"2024-09-24T00:22:15","calc_backorders":0,"jetpack_sharing_enabled":true,"_links":{"self":[{"href":"https:\/\/hanshin-imports.ch\/index.php\/wp-json\/wp\/v2\/product\/5456","targetHints":{"allow":["GET"]}}],"collection":[{"href":"https:\/\/hanshin-imports.ch\/index.php\/wp-json\/wp\/v2\/product"}],"about":[{"href":"https:\/\/hanshin-imports.ch\/index.php\/wp-json\/wp\/v2\/types\/product"}],"replies":[{"embeddable":true,"href":"https:\/\/hanshin-imports.ch\/index.php\/wp-json\/wp\/v2\/comments?post=5456"}],"wp:featuredmedia":[{"embeddable":true,"href":"https:\/\/hanshin-imports.ch\/index.php\/wp-json\/wp\/v2\/media\/5457"}],"wp:attachment":[{"href":"https:\/\/hanshin-imports.ch\/index.php\/wp-json\/wp\/v2\/media?parent=5456"}],"wp:term":[{"taxonomy":"product_brand","embeddable":true,"href":"https:\/\/hanshin-imports.ch\/index.php\/wp-json\/wp\/v2\/product_brand?post=5456"},{"taxonomy":"product_cat","embeddable":true,"href":"https:\/\/hanshin-imports.ch\/index.php\/wp-json\/wp\/v2\/product_cat?post=5456"},{"taxonomy":"product_tag","embeddable":true,"href":"https:\/\/hanshin-imports.ch\/index.php\/wp-json\/wp\/v2\/product_tag?post=5456"}],"curies":[{"name":"wp","href":"https:\/\/api.w.org\/{rel}","templated":true}]}}