{"id":36614,"date":"2024-09-24T17:29:34","date_gmt":"2024-09-24T17:29:34","guid":{"rendered":"https:\/\/hanshin-imports.ch\/index.php\/product\/blue-ratchet-luggage-strap-5m-800kg\/"},"modified":"2024-09-24T17:29:36","modified_gmt":"2024-09-24T17:29:36","slug":"blue-ratchet-luggage-strap-5m-800kg","status":"publish","type":"product","link":"https:\/\/hanshin-imports.ch\/index.php\/product\/blue-ratchet-luggage-strap-5m-800kg\/","title":{"rendered":"Blue ratchet luggage strap 5m 800kg"},"content":{"rendered":"<style>#html-body [data-pb-style=RV71BX3]{justify-content:flex-start;display:flex;flex-direction:column;background-position:left top;background-size:cover;background-repeat:no-repeat;background-attachment:scroll}<\/style>\n<div data-content-type=\"row\" data-appearance=\"contained\" data-element=\"main\">\n<div data-enable-parallax=\"0\" data-parallax-speed=\"0.5\" data-background-images=\"{}\" data-background-type=\"image\" data-video-loop=\"true\" data-video-play-only-visible=\"true\" data-video-lazy-load=\"true\" data-video-fallback-src=\"\" data-element=\"inner\" data-pb-style=\"RV71BX3\">\n<div data-content-type=\"text\" data-appearance=\"default\" data-element=\"main\">\n<p>Sangle bagag\u00e8re 800kg.&nbsp;<br \/>Sangle 100 % polyester &#8211; 5 m\u00e8tres &#8211; Largeur 25 mm.&nbsp;<br \/>Parties m\u00e9talliques : Acier bichromat\u00e9 A42b &#8211; Poign\u00e9e \u00e0 cliquet &#8211; Sans crochet de rive.&nbsp;<\/p>\n<p>Coefficient s\u00e9curit\u00e9 2:1<br \/>HomologationNorme Europ\u00e9enne : EN 12195\/2<\/p>\n<\/div>\n<\/div>\n<\/div>\n","protected":false},"excerpt":{"rendered":"<p>Sangle bagag\u00e8re 800kg.&nbsp;Sangle 100 % polyester &#8211; 5 m\u00e8tres &#8211; Largeur 25 mm.&nbsp;Parties m\u00e9talliques : Acier bichromat\u00e9 A42b &#8211; Poign\u00e9e \u00e0 cliquet &#8211; Sans crochet de rive.&nbsp; Coefficient s\u00e9curit\u00e9 2:1HomologationNorme Europ\u00e9enne : EN 12195\/2<\/p>\n","protected":false},"featured_media":36613,"comment_status":"open","ping_status":"closed","template":"","meta":{"_et_pb_use_builder":"","_et_pb_old_content":"","_et_gb_content_width":"","_monsterinsights_skip_tracking":false,"_monsterinsights_sitenote_active":false,"_monsterinsights_sitenote_note":"","_monsterinsights_sitenote_category":0},"product_brand":[],"product_cat":[5097,31,5228,5233,5381],"product_tag":[],"class_list":{"0":"post-36614","1":"product","2":"type-product","3":"status-publish","4":"has-post-thumbnail","6":"product_cat-interior-sa","7":"product_cat-interior-safety","8":"product_cat-interior-safety-lotus-elise","9":"product_cat-interior-safety-lotus-exige","10":"product_cat-rrs","12":"first","13":"onbackorder","14":"taxable","15":"shipping-taxable","16":"purchasable","17":"product-type-simple"},"supplier_id":null,"supplier_sku":"","barcode":null,"atum_controlled":true,"out_stock_date":null,"out_stock_threshold":null,"inheritable":false,"inbound_stock":0,"stock_on_hold":0,"sold_today":0,"sales_last_days":0,"reserved_stock":0,"customer_returns":0,"warehouse_damage":0,"lost_in_post":0,"other_logs":0,"out_stock_days":0,"lost_sales":0,"has_location":false,"update_date":"2026-04-21T13:16:36","atum_locations":[],"atum_stock_status":"instock","restock_status":false,"low_stock_amount":"","sales_update_date":"2026-04-21T13:16:36","calc_backorders":null,"jetpack_sharing_enabled":true,"_links":{"self":[{"href":"https:\/\/hanshin-imports.ch\/index.php\/wp-json\/wp\/v2\/product\/36614","targetHints":{"allow":["GET"]}}],"collection":[{"href":"https:\/\/hanshin-imports.ch\/index.php\/wp-json\/wp\/v2\/product"}],"about":[{"href":"https:\/\/hanshin-imports.ch\/index.php\/wp-json\/wp\/v2\/types\/product"}],"replies":[{"embeddable":true,"href":"https:\/\/hanshin-imports.ch\/index.php\/wp-json\/wp\/v2\/comments?post=36614"}],"wp:featuredmedia":[{"embeddable":true,"href":"https:\/\/hanshin-imports.ch\/index.php\/wp-json\/wp\/v2\/media\/36613"}],"wp:attachment":[{"href":"https:\/\/hanshin-imports.ch\/index.php\/wp-json\/wp\/v2\/media?parent=36614"}],"wp:term":[{"taxonomy":"product_brand","embeddable":true,"href":"https:\/\/hanshin-imports.ch\/index.php\/wp-json\/wp\/v2\/product_brand?post=36614"},{"taxonomy":"product_cat","embeddable":true,"href":"https:\/\/hanshin-imports.ch\/index.php\/wp-json\/wp\/v2\/product_cat?post=36614"},{"taxonomy":"product_tag","embeddable":true,"href":"https:\/\/hanshin-imports.ch\/index.php\/wp-json\/wp\/v2\/product_tag?post=36614"}],"curies":[{"name":"wp","href":"https:\/\/api.w.org\/{rel}","templated":true}]}}