{"id":36155,"date":"2024-09-24T17:05:13","date_gmt":"2024-09-24T17:05:13","guid":{"rendered":"https:\/\/hanshin-imports.ch\/index.php\/product\/extincteur-a-eau-a-6l\/"},"modified":"2026-02-20T19:31:11","modified_gmt":"2026-02-20T19:31:11","slug":"extincteur-a-eau-a-6l","status":"publish","type":"product","link":"https:\/\/hanshin-imports.ch\/index.php\/product\/extincteur-a-eau-a-6l\/","title":{"rendered":"Extincteur \u00e0 eau A 6L"},"content":{"rendered":"<p>Extincteur \u00e0 eau pulv\u00e9ris\u00e9e avec additif 6 L.<br \/>Convient pour les feux de classe A bois, papier, carton.\u00a0<br \/>Classe de feu 13A.<br \/>Normes EN3 &#8211; CE0029.<br \/>Pression permanente.<br \/>Manom\u00e8tre de contr\u00f4le.<\/p>\n<p>Livr\u00e9 avec support de fixation.<\/p>\n<p>Garantie constructeur 2 ans.<\/p>\n<p>Diametre exterieur 162 mm<br \/>Diametre exterieur 162 mm<br \/>Hauteur de bombonne 448 mm<br \/>Volume 7,7 litres<br \/>Poids plein 10,2 kg<br \/>Plage de temp\u00e9rature 0\u00b0c\u00a0 \/ +60 \u00b0C<br \/>Pression de fonctionnement 12 bars<br \/>Pression de test 27 bars<br \/>Classe de feu 13A<br \/>Dimension packaging 175x170x565 mm<\/p>\n","protected":false},"excerpt":{"rendered":"<p>Classe de feu 13A.<\/p>\n","protected":false},"featured_media":36154,"comment_status":"open","ping_status":"closed","template":"","meta":{"_et_pb_use_builder":"","_et_pb_old_content":"","_et_gb_content_width":"","_monsterinsights_skip_tracking":false,"_monsterinsights_sitenote_active":false,"_monsterinsights_sitenote_note":"","_monsterinsights_sitenote_category":0},"product_brand":[],"product_cat":[5097,31,5228,5233,5381],"product_tag":[],"class_list":{"0":"post-36155","1":"product","2":"type-product","3":"status-publish","4":"has-post-thumbnail","6":"product_cat-interior-sa","7":"product_cat-interior-safety","8":"product_cat-interior-safety-lotus-elise","9":"product_cat-interior-safety-lotus-exige","10":"product_cat-rrs","12":"first","13":"instock","14":"taxable","15":"shipping-taxable","16":"purchasable","17":"product-type-simple"},"supplier_id":null,"supplier_sku":"","barcode":null,"atum_controlled":true,"out_stock_date":null,"out_stock_threshold":null,"inheritable":false,"inbound_stock":0,"stock_on_hold":0,"sold_today":0,"sales_last_days":0,"reserved_stock":0,"customer_returns":0,"warehouse_damage":0,"lost_in_post":0,"other_logs":0,"out_stock_days":0,"lost_sales":0,"has_location":false,"update_date":"2026-04-14T10:46:33","atum_locations":[],"atum_stock_status":"instock","restock_status":false,"low_stock_amount":"","sales_update_date":"2026-04-14T10:46:33","calc_backorders":0,"jetpack_sharing_enabled":true,"_links":{"self":[{"href":"https:\/\/hanshin-imports.ch\/index.php\/wp-json\/wp\/v2\/product\/36155","targetHints":{"allow":["GET"]}}],"collection":[{"href":"https:\/\/hanshin-imports.ch\/index.php\/wp-json\/wp\/v2\/product"}],"about":[{"href":"https:\/\/hanshin-imports.ch\/index.php\/wp-json\/wp\/v2\/types\/product"}],"replies":[{"embeddable":true,"href":"https:\/\/hanshin-imports.ch\/index.php\/wp-json\/wp\/v2\/comments?post=36155"}],"wp:featuredmedia":[{"embeddable":true,"href":"https:\/\/hanshin-imports.ch\/index.php\/wp-json\/wp\/v2\/media\/36154"}],"wp:attachment":[{"href":"https:\/\/hanshin-imports.ch\/index.php\/wp-json\/wp\/v2\/media?parent=36155"}],"wp:term":[{"taxonomy":"product_brand","embeddable":true,"href":"https:\/\/hanshin-imports.ch\/index.php\/wp-json\/wp\/v2\/product_brand?post=36155"},{"taxonomy":"product_cat","embeddable":true,"href":"https:\/\/hanshin-imports.ch\/index.php\/wp-json\/wp\/v2\/product_cat?post=36155"},{"taxonomy":"product_tag","embeddable":true,"href":"https:\/\/hanshin-imports.ch\/index.php\/wp-json\/wp\/v2\/product_tag?post=36155"}],"curies":[{"name":"wp","href":"https:\/\/api.w.org\/{rel}","templated":true}]}}