{"id":34693,"date":"2024-09-24T15:14:27","date_gmt":"2024-09-24T15:14:27","guid":{"rendered":"https:\/\/hanshin-imports.ch\/index.php\/product\/gaine-spiralee-de-frettage-en-pe-noir-le-metre-13-mm\/"},"modified":"2024-09-24T15:14:31","modified_gmt":"2024-09-24T15:14:31","slug":"gaine-spiralee-de-frettage-en-pe-noir-le-metre-13-mm","status":"publish","type":"product","link":"https:\/\/hanshin-imports.ch\/index.php\/product\/gaine-spiralee-de-frettage-en-pe-noir-le-metre-13-mm\/","title":{"rendered":"Gaine spiral\u00e9e de frettage en PE noir (le m\u00e8tre)-13 mm"},"content":{"rendered":"<p>Gaine spiral&eacute;e r&eacute;sistante en poly&eacute;thyl&egrave;ne pour prot&eacute;ger vos faisceaux<\/p>\n<p>Temp&eacute;rature d&#8217;utilisation : -20&deg;C &agrave; 50&deg;C<\/p>\n<p>Vendue au m&egrave;tre<\/p>\n","protected":false},"excerpt":{"rendered":"<p>Gaine spiral\u00e9e r\u00e9sistante en poly\u00e9thyl\u00e8ne pour prot\u00e9ger vos faisceaux<\/p>\n","protected":false},"featured_media":34692,"comment_status":"open","ping_status":"closed","template":"","meta":{"_et_pb_use_builder":"","_et_pb_old_content":"","_et_gb_content_width":"","_monsterinsights_skip_tracking":false,"_monsterinsights_sitenote_active":false,"_monsterinsights_sitenote_note":"","_monsterinsights_sitenote_category":0},"product_brand":[],"product_cat":[5097,31,5228,5233,5381],"product_tag":[],"class_list":{"0":"post-34693","1":"product","2":"type-product","3":"status-publish","4":"has-post-thumbnail","6":"product_cat-interior-sa","7":"product_cat-interior-safety","8":"product_cat-interior-safety-lotus-elise","9":"product_cat-interior-safety-lotus-exige","10":"product_cat-rrs","12":"first","13":"onbackorder","14":"taxable","15":"shipping-taxable","16":"purchasable","17":"product-type-simple"},"supplier_id":null,"supplier_sku":"","barcode":null,"atum_controlled":true,"out_stock_date":null,"out_stock_threshold":null,"inheritable":false,"inbound_stock":0,"stock_on_hold":0,"sold_today":0,"sales_last_days":0,"reserved_stock":0,"customer_returns":0,"warehouse_damage":0,"lost_in_post":0,"other_logs":0,"out_stock_days":0,"lost_sales":0,"has_location":false,"update_date":"2024-12-11T09:02:54","atum_locations":[],"atum_stock_status":"instock","restock_status":false,"low_stock_amount":"","sales_update_date":"2024-12-11T09:02:54","calc_backorders":null,"jetpack_sharing_enabled":true,"_links":{"self":[{"href":"https:\/\/hanshin-imports.ch\/index.php\/wp-json\/wp\/v2\/product\/34693","targetHints":{"allow":["GET"]}}],"collection":[{"href":"https:\/\/hanshin-imports.ch\/index.php\/wp-json\/wp\/v2\/product"}],"about":[{"href":"https:\/\/hanshin-imports.ch\/index.php\/wp-json\/wp\/v2\/types\/product"}],"replies":[{"embeddable":true,"href":"https:\/\/hanshin-imports.ch\/index.php\/wp-json\/wp\/v2\/comments?post=34693"}],"wp:featuredmedia":[{"embeddable":true,"href":"https:\/\/hanshin-imports.ch\/index.php\/wp-json\/wp\/v2\/media\/34692"}],"wp:attachment":[{"href":"https:\/\/hanshin-imports.ch\/index.php\/wp-json\/wp\/v2\/media?parent=34693"}],"wp:term":[{"taxonomy":"product_brand","embeddable":true,"href":"https:\/\/hanshin-imports.ch\/index.php\/wp-json\/wp\/v2\/product_brand?post=34693"},{"taxonomy":"product_cat","embeddable":true,"href":"https:\/\/hanshin-imports.ch\/index.php\/wp-json\/wp\/v2\/product_cat?post=34693"},{"taxonomy":"product_tag","embeddable":true,"href":"https:\/\/hanshin-imports.ch\/index.php\/wp-json\/wp\/v2\/product_tag?post=34693"}],"curies":[{"name":"wp","href":"https:\/\/api.w.org\/{rel}","templated":true}]}}