{"id":34673,"date":"2024-09-24T15:11:35","date_gmt":"2024-09-24T15:11:35","guid":{"rendered":"https:\/\/hanshin-imports.ch\/index.php\/product\/fusibles-disjoncteurs-enfichables-standards-25-a\/"},"modified":"2024-09-24T15:11:36","modified_gmt":"2024-09-24T15:11:36","slug":"fusibles-disjoncteurs-enfichables-standards-25-a","status":"publish","type":"product","link":"https:\/\/hanshin-imports.ch\/index.php\/product\/fusibles-disjoncteurs-enfichables-standards-25-a\/","title":{"rendered":"Fusibles disjoncteurs enfichables standards-25 A"},"content":{"rendered":"<p>Fini les fusibles qui grillent !<\/p>\n<p>Ces fusibles astucieux disjonctent &agrave; la moindre surchage. Il vous suffit de les r&eacute;armer pour les remettre sous tension.<\/p>\n<p>R&eacute;armement manuel<\/p>\n<p>Economique et s&eacute;curisant.<\/p>\n<p>Extr&egrave;mement pratique pour l&#8217;assistance ! Gain de temps pr&eacute;cieux !<\/p>\n<p>De 5 &agrave; 30 amp&egrave;res<\/p>\n<p>Tension maximum 38 V<\/p>\n<p><span style=\"color: #ff6600;\"><strong>Vendu &agrave; l&#8217;unit&eacute;<\/strong><\/span><\/p>\n","protected":false},"excerpt":{"rendered":"<p>Vendu \u00e0 l&#8217;unit\u00e9. R\u00e9armement manuel.<\/p>\n","protected":false},"featured_media":34672,"comment_status":"open","ping_status":"closed","template":"","meta":{"_et_pb_use_builder":"","_et_pb_old_content":"","_et_gb_content_width":"","_monsterinsights_skip_tracking":false,"_monsterinsights_sitenote_active":false,"_monsterinsights_sitenote_note":"","_monsterinsights_sitenote_category":0},"product_brand":[],"product_cat":[5097,31,5228,5233,5381],"product_tag":[],"class_list":{"0":"post-34673","1":"product","2":"type-product","3":"status-publish","4":"has-post-thumbnail","6":"product_cat-interior-sa","7":"product_cat-interior-safety","8":"product_cat-interior-safety-lotus-elise","9":"product_cat-interior-safety-lotus-exige","10":"product_cat-rrs","12":"first","13":"onbackorder","14":"taxable","15":"shipping-taxable","16":"purchasable","17":"product-type-simple"},"supplier_id":null,"supplier_sku":"","barcode":null,"atum_controlled":true,"out_stock_date":null,"out_stock_threshold":null,"inheritable":false,"inbound_stock":null,"stock_on_hold":null,"sold_today":null,"sales_last_days":null,"reserved_stock":null,"customer_returns":null,"warehouse_damage":null,"lost_in_post":null,"other_logs":null,"out_stock_days":null,"lost_sales":null,"has_location":null,"update_date":null,"atum_locations":[],"atum_stock_status":"instock","restock_status":false,"low_stock_amount":"","sales_update_date":null,"calc_backorders":null,"jetpack_sharing_enabled":true,"_links":{"self":[{"href":"https:\/\/hanshin-imports.ch\/index.php\/wp-json\/wp\/v2\/product\/34673","targetHints":{"allow":["GET"]}}],"collection":[{"href":"https:\/\/hanshin-imports.ch\/index.php\/wp-json\/wp\/v2\/product"}],"about":[{"href":"https:\/\/hanshin-imports.ch\/index.php\/wp-json\/wp\/v2\/types\/product"}],"replies":[{"embeddable":true,"href":"https:\/\/hanshin-imports.ch\/index.php\/wp-json\/wp\/v2\/comments?post=34673"}],"wp:featuredmedia":[{"embeddable":true,"href":"https:\/\/hanshin-imports.ch\/index.php\/wp-json\/wp\/v2\/media\/34672"}],"wp:attachment":[{"href":"https:\/\/hanshin-imports.ch\/index.php\/wp-json\/wp\/v2\/media?parent=34673"}],"wp:term":[{"taxonomy":"product_brand","embeddable":true,"href":"https:\/\/hanshin-imports.ch\/index.php\/wp-json\/wp\/v2\/product_brand?post=34673"},{"taxonomy":"product_cat","embeddable":true,"href":"https:\/\/hanshin-imports.ch\/index.php\/wp-json\/wp\/v2\/product_cat?post=34673"},{"taxonomy":"product_tag","embeddable":true,"href":"https:\/\/hanshin-imports.ch\/index.php\/wp-json\/wp\/v2\/product_tag?post=34673"}],"curies":[{"name":"wp","href":"https:\/\/api.w.org\/{rel}","templated":true}]}}