{"id":34623,"date":"2024-09-24T15:10:24","date_gmt":"2024-09-24T15:10:24","guid":{"rendered":"https:\/\/hanshin-imports.ch\/index.php\/product\/ruban-adhesif-toile-plastifie-pe-rouleau-de-50m-x-100mm\/"},"modified":"2024-09-24T15:10:25","modified_gmt":"2024-09-24T15:10:25","slug":"ruban-adhesif-toile-plastifie-pe-rouleau-de-50m-x-100mm","status":"publish","type":"product","link":"https:\/\/hanshin-imports.ch\/index.php\/product\/ruban-adhesif-toile-plastifie-pe-rouleau-de-50m-x-100mm\/","title":{"rendered":"Ruban adh\u00e9sif toil\u00e9 plastifi\u00e9 PE rouleau de 50m x 100mm"},"content":{"rendered":"<p>Ruban adh&eacute;sif toil&eacute; plastifi&eacute; PE rouleau de 50m x 100mm<\/p>\n<p>Epaisseur : 0.29 mm<\/p>\n<p> Temp&eacute;rature maxi d&#8217;utilisation : +70&deg;C<\/p>\n<p> R&eacute;sistance &agrave; la rupture : 44 N \/ cm<\/p>\n<p> Allongement &agrave; la rupture : 14%<\/p>\n<p> Coloris : Noir aspect brillant<\/p>\n","protected":false},"excerpt":{"rendered":"<p>Ruban adh\u00e9sif toil\u00e9 plastifi\u00e9 PE rouleau de 50m x 100mm<\/p>\n","protected":false},"featured_media":34622,"comment_status":"open","ping_status":"closed","template":"","meta":{"_et_pb_use_builder":"","_et_pb_old_content":"","_et_gb_content_width":"","_monsterinsights_skip_tracking":false,"_monsterinsights_sitenote_active":false,"_monsterinsights_sitenote_note":"","_monsterinsights_sitenote_category":0},"product_brand":[],"product_cat":[5097,31,5228,5233,5381],"product_tag":[],"class_list":{"0":"post-34623","1":"product","2":"type-product","3":"status-publish","4":"has-post-thumbnail","6":"product_cat-interior-sa","7":"product_cat-interior-safety","8":"product_cat-interior-safety-lotus-elise","9":"product_cat-interior-safety-lotus-exige","10":"product_cat-rrs","12":"first","13":"onbackorder","14":"taxable","15":"shipping-taxable","16":"purchasable","17":"product-type-simple"},"supplier_id":null,"supplier_sku":"","barcode":null,"atum_controlled":true,"out_stock_date":null,"out_stock_threshold":null,"inheritable":false,"inbound_stock":0,"stock_on_hold":0,"sold_today":0,"sales_last_days":0,"reserved_stock":0,"customer_returns":0,"warehouse_damage":0,"lost_in_post":0,"other_logs":0,"out_stock_days":0,"lost_sales":0,"has_location":false,"update_date":"2026-04-21T13:13:00","atum_locations":[],"atum_stock_status":"instock","restock_status":false,"low_stock_amount":"","sales_update_date":"2026-04-21T13:13:00","calc_backorders":null,"jetpack_sharing_enabled":true,"_links":{"self":[{"href":"https:\/\/hanshin-imports.ch\/index.php\/wp-json\/wp\/v2\/product\/34623","targetHints":{"allow":["GET"]}}],"collection":[{"href":"https:\/\/hanshin-imports.ch\/index.php\/wp-json\/wp\/v2\/product"}],"about":[{"href":"https:\/\/hanshin-imports.ch\/index.php\/wp-json\/wp\/v2\/types\/product"}],"replies":[{"embeddable":true,"href":"https:\/\/hanshin-imports.ch\/index.php\/wp-json\/wp\/v2\/comments?post=34623"}],"wp:featuredmedia":[{"embeddable":true,"href":"https:\/\/hanshin-imports.ch\/index.php\/wp-json\/wp\/v2\/media\/34622"}],"wp:attachment":[{"href":"https:\/\/hanshin-imports.ch\/index.php\/wp-json\/wp\/v2\/media?parent=34623"}],"wp:term":[{"taxonomy":"product_brand","embeddable":true,"href":"https:\/\/hanshin-imports.ch\/index.php\/wp-json\/wp\/v2\/product_brand?post=34623"},{"taxonomy":"product_cat","embeddable":true,"href":"https:\/\/hanshin-imports.ch\/index.php\/wp-json\/wp\/v2\/product_cat?post=34623"},{"taxonomy":"product_tag","embeddable":true,"href":"https:\/\/hanshin-imports.ch\/index.php\/wp-json\/wp\/v2\/product_tag?post=34623"}],"curies":[{"name":"wp","href":"https:\/\/api.w.org\/{rel}","templated":true}]}}