{"id":34521,"date":"2024-09-24T15:05:34","date_gmt":"2024-09-24T15:05:34","guid":{"rendered":"https:\/\/hanshin-imports.ch\/index.php\/product\/collier-a-tourillons-inox-a-bords-releves-diam-86-91mm\/"},"modified":"2024-09-24T15:05:35","modified_gmt":"2024-09-24T15:05:35","slug":"collier-a-tourillons-inox-a-bords-releves-diam-86-91mm","status":"publish","type":"product","link":"https:\/\/hanshin-imports.ch\/index.php\/product\/collier-a-tourillons-inox-a-bords-releves-diam-86-91mm\/","title":{"rendered":"Collier \u00e0 tourillons inox \u00e0 bords relev\u00e9s diam 86-91mm"},"content":{"rendered":"<p><span style=\"color: #ff6600;\"><strong>Qualit&eacute; Irr&eacute;prochable pour la comp&eacute;tition.<\/strong><\/span><\/p>\n<p>&#8211; Collier tr&egrave;s r&eacute;sistant muni d&#8217;une bande &agrave; bords relev&eacute;s, destin&eacute; plus particuli&egrave;rement &agrave; l&#8217;assemblage de tuyaux &eacute;pais et arm&eacute;s.<br \/> &#8211; L&#8217;&eacute;crou h&eacute;xagonal permet l&#8217;utilisation d&#8217;outillages usuels, tels qu&#8217;une cl&eacute; &agrave; molette ou cl&eacute; &agrave; douille.<br \/> &#8211; Toutes les pi&egrave;ces sont en acier au carbone de haute qualit&eacute; &eacute;lectro-zingu&eacute; s&eacute;par&eacute;ment.<\/p>\n","protected":false},"excerpt":{"rendered":"<p>Collier \u00e0 tourillons inox \u00e0 bords relev\u00e9s diam 80-85mm<\/p>\n","protected":false},"featured_media":34520,"comment_status":"open","ping_status":"closed","template":"","meta":{"_et_pb_use_builder":"","_et_pb_old_content":"","_et_gb_content_width":"","_monsterinsights_skip_tracking":false,"_monsterinsights_sitenote_active":false,"_monsterinsights_sitenote_note":"","_monsterinsights_sitenote_category":0},"product_brand":[],"product_cat":[5097,31,5228,5233,5381],"product_tag":[],"class_list":{"0":"post-34521","1":"product","2":"type-product","3":"status-publish","4":"has-post-thumbnail","6":"product_cat-interior-sa","7":"product_cat-interior-safety","8":"product_cat-interior-safety-lotus-elise","9":"product_cat-interior-safety-lotus-exige","10":"product_cat-rrs","12":"first","13":"onbackorder","14":"taxable","15":"shipping-taxable","16":"purchasable","17":"product-type-simple"},"supplier_id":null,"supplier_sku":"","barcode":null,"atum_controlled":true,"out_stock_date":null,"out_stock_threshold":null,"inheritable":false,"inbound_stock":null,"stock_on_hold":null,"sold_today":null,"sales_last_days":null,"reserved_stock":null,"customer_returns":null,"warehouse_damage":null,"lost_in_post":null,"other_logs":null,"out_stock_days":null,"lost_sales":null,"has_location":null,"update_date":null,"atum_locations":[],"atum_stock_status":"instock","restock_status":false,"low_stock_amount":"","sales_update_date":null,"calc_backorders":null,"jetpack_sharing_enabled":true,"_links":{"self":[{"href":"https:\/\/hanshin-imports.ch\/index.php\/wp-json\/wp\/v2\/product\/34521","targetHints":{"allow":["GET"]}}],"collection":[{"href":"https:\/\/hanshin-imports.ch\/index.php\/wp-json\/wp\/v2\/product"}],"about":[{"href":"https:\/\/hanshin-imports.ch\/index.php\/wp-json\/wp\/v2\/types\/product"}],"replies":[{"embeddable":true,"href":"https:\/\/hanshin-imports.ch\/index.php\/wp-json\/wp\/v2\/comments?post=34521"}],"wp:featuredmedia":[{"embeddable":true,"href":"https:\/\/hanshin-imports.ch\/index.php\/wp-json\/wp\/v2\/media\/34520"}],"wp:attachment":[{"href":"https:\/\/hanshin-imports.ch\/index.php\/wp-json\/wp\/v2\/media?parent=34521"}],"wp:term":[{"taxonomy":"product_brand","embeddable":true,"href":"https:\/\/hanshin-imports.ch\/index.php\/wp-json\/wp\/v2\/product_brand?post=34521"},{"taxonomy":"product_cat","embeddable":true,"href":"https:\/\/hanshin-imports.ch\/index.php\/wp-json\/wp\/v2\/product_cat?post=34521"},{"taxonomy":"product_tag","embeddable":true,"href":"https:\/\/hanshin-imports.ch\/index.php\/wp-json\/wp\/v2\/product_tag?post=34521"}],"curies":[{"name":"wp","href":"https:\/\/api.w.org\/{rel}","templated":true}]}}