{"id":34229,"date":"2024-09-24T14:49:42","date_gmt":"2024-09-24T14:49:42","guid":{"rendered":"https:\/\/hanshin-imports.ch\/index.php\/product\/nylon-cable-tie-set-8-8-x-500-mm-20-pcs\/"},"modified":"2024-09-24T14:49:43","modified_gmt":"2024-09-24T14:49:43","slug":"nylon-cable-tie-set-8-8-x-500-mm-20-pcs","status":"publish","type":"product","link":"https:\/\/hanshin-imports.ch\/index.php\/product\/nylon-cable-tie-set-8-8-x-500-mm-20-pcs\/","title":{"rendered":"Nylon cable tie set 8.8 x 500 mm (20 pcs)"},"content":{"rendered":"<p>Jeu de\u00a050 colliers Rilsan 500 x\u00a08.8\u00a0noirs\u00a0de qualit\u00e9 sup\u00e9rieure id\u00e9als\u00a0en assistance ou pour les r\u00e9parations rapides.\u00a0<br \/>Colliers Rilsan utilis\u00e9s et approuv\u00e9s par les carrossiers.<\/p>\n<p>Collier de serrage en nylon r\u00e9sistants aux UV.<\/p>\n","protected":false},"excerpt":{"rendered":"<p>Colliers Rilsan de qualit\u00e9 sup\u00e9rieure<\/p>\n","protected":false},"featured_media":34228,"comment_status":"open","ping_status":"closed","template":"","meta":{"_et_pb_use_builder":"","_et_pb_old_content":"","_et_gb_content_width":"","_monsterinsights_skip_tracking":false,"_monsterinsights_sitenote_active":false,"_monsterinsights_sitenote_note":"","_monsterinsights_sitenote_category":0},"product_brand":[],"product_cat":[5097,31,5228,5233,5381],"product_tag":[],"class_list":{"0":"post-34229","1":"product","2":"type-product","3":"status-publish","4":"has-post-thumbnail","6":"product_cat-interior-sa","7":"product_cat-interior-safety","8":"product_cat-interior-safety-lotus-elise","9":"product_cat-interior-safety-lotus-exige","10":"product_cat-rrs","12":"first","13":"onbackorder","14":"taxable","15":"shipping-taxable","16":"purchasable","17":"product-type-simple"},"supplier_id":null,"supplier_sku":"","barcode":null,"atum_controlled":true,"out_stock_date":null,"out_stock_threshold":null,"inheritable":false,"inbound_stock":0,"stock_on_hold":0,"sold_today":0,"sales_last_days":0,"reserved_stock":0,"customer_returns":0,"warehouse_damage":0,"lost_in_post":0,"other_logs":0,"out_stock_days":0,"lost_sales":0,"has_location":false,"update_date":"2025-11-25T11:26:10","atum_locations":[],"atum_stock_status":"instock","restock_status":false,"low_stock_amount":"","sales_update_date":"2025-11-25T11:26:10","calc_backorders":null,"jetpack_sharing_enabled":true,"_links":{"self":[{"href":"https:\/\/hanshin-imports.ch\/index.php\/wp-json\/wp\/v2\/product\/34229","targetHints":{"allow":["GET"]}}],"collection":[{"href":"https:\/\/hanshin-imports.ch\/index.php\/wp-json\/wp\/v2\/product"}],"about":[{"href":"https:\/\/hanshin-imports.ch\/index.php\/wp-json\/wp\/v2\/types\/product"}],"replies":[{"embeddable":true,"href":"https:\/\/hanshin-imports.ch\/index.php\/wp-json\/wp\/v2\/comments?post=34229"}],"wp:featuredmedia":[{"embeddable":true,"href":"https:\/\/hanshin-imports.ch\/index.php\/wp-json\/wp\/v2\/media\/34228"}],"wp:attachment":[{"href":"https:\/\/hanshin-imports.ch\/index.php\/wp-json\/wp\/v2\/media?parent=34229"}],"wp:term":[{"taxonomy":"product_brand","embeddable":true,"href":"https:\/\/hanshin-imports.ch\/index.php\/wp-json\/wp\/v2\/product_brand?post=34229"},{"taxonomy":"product_cat","embeddable":true,"href":"https:\/\/hanshin-imports.ch\/index.php\/wp-json\/wp\/v2\/product_cat?post=34229"},{"taxonomy":"product_tag","embeddable":true,"href":"https:\/\/hanshin-imports.ch\/index.php\/wp-json\/wp\/v2\/product_tag?post=34229"}],"curies":[{"name":"wp","href":"https:\/\/api.w.org\/{rel}","templated":true}]}}