{"id":34105,"date":"2024-09-24T14:38:15","date_gmt":"2024-09-24T14:38:15","guid":{"rendered":"https:\/\/hanshin-imports.ch\/index.php\/product\/supports-de-feu-de-virage\/"},"modified":"2024-12-11T09:55:34","modified_gmt":"2024-12-11T09:55:34","slug":"supports-de-feu-de-virage","status":"publish","type":"product","link":"https:\/\/hanshin-imports.ch\/index.php\/product\/supports-de-feu-de-virage\/","title":{"rendered":"Supports de feu de virage"},"content":{"rendered":"<p><strong><font color=\"ff6600\">ATTENTION 3 BONNES SEMAINES DE DELAI<\/font><\/strong>    Paire de supports de feux anti-brouillard\/virage fabriqu\u00e9s en fibre de polyester.    Cet article comprend :  &#8211; 2 supports de feu anti brouillard polyester  &#8211; 2 optiques en 200 mm*    <strong><font color=\"#ff6600\">Si votre v\u00e9hicule n&#8217;apparait pas dans la liste, merci de nous contacter par t\u00e9l\u00e9phone au 04 67 1400 80   pour connaitre la disponibilit\u00e9 du mod\u00e8le correspondant.<\/font><\/strong>    <em>*Certains mod\u00e8les ne sont disponibles qu&#8217;en 150 mm et seront pr\u00e9cis\u00e9s dans le choix du mod\u00e8le.<\/em><\/p>\n","protected":false},"excerpt":{"rendered":"<p>Paire de supports de feux anti-brouillard\/virage fabriqu\u00e9s en fibre de polyester.<\/p>\n","protected":false},"featured_media":34104,"comment_status":"open","ping_status":"closed","template":"","meta":{"_et_pb_use_builder":"","_et_pb_old_content":"","_et_gb_content_width":"","_monsterinsights_skip_tracking":false,"_monsterinsights_sitenote_active":false,"_monsterinsights_sitenote_note":"","_monsterinsights_sitenote_category":0},"product_brand":[],"product_cat":[5097,31,5228,5233,5381],"product_tag":[],"class_list":{"0":"post-34105","1":"product","2":"type-product","3":"status-publish","4":"has-post-thumbnail","6":"product_cat-interior-sa","7":"product_cat-interior-safety","8":"product_cat-interior-safety-lotus-elise","9":"product_cat-interior-safety-lotus-exige","10":"product_cat-rrs","12":"first","13":"onbackorder","14":"taxable","15":"shipping-taxable","16":"purchasable","17":"product-type-simple"},"supplier_id":null,"supplier_sku":"","barcode":null,"atum_controlled":true,"out_stock_date":null,"out_stock_threshold":null,"inheritable":false,"inbound_stock":0,"stock_on_hold":0,"sold_today":0,"sales_last_days":0,"reserved_stock":0,"customer_returns":0,"warehouse_damage":0,"lost_in_post":0,"other_logs":0,"out_stock_days":0,"lost_sales":0,"has_location":false,"update_date":"2025-05-16T12:36:53","atum_locations":[],"atum_stock_status":"onbackorder","restock_status":false,"low_stock_amount":"","sales_update_date":"2025-05-16T12:36:53","calc_backorders":null,"jetpack_sharing_enabled":true,"_links":{"self":[{"href":"https:\/\/hanshin-imports.ch\/index.php\/wp-json\/wp\/v2\/product\/34105","targetHints":{"allow":["GET"]}}],"collection":[{"href":"https:\/\/hanshin-imports.ch\/index.php\/wp-json\/wp\/v2\/product"}],"about":[{"href":"https:\/\/hanshin-imports.ch\/index.php\/wp-json\/wp\/v2\/types\/product"}],"replies":[{"embeddable":true,"href":"https:\/\/hanshin-imports.ch\/index.php\/wp-json\/wp\/v2\/comments?post=34105"}],"wp:featuredmedia":[{"embeddable":true,"href":"https:\/\/hanshin-imports.ch\/index.php\/wp-json\/wp\/v2\/media\/34104"}],"wp:attachment":[{"href":"https:\/\/hanshin-imports.ch\/index.php\/wp-json\/wp\/v2\/media?parent=34105"}],"wp:term":[{"taxonomy":"product_brand","embeddable":true,"href":"https:\/\/hanshin-imports.ch\/index.php\/wp-json\/wp\/v2\/product_brand?post=34105"},{"taxonomy":"product_cat","embeddable":true,"href":"https:\/\/hanshin-imports.ch\/index.php\/wp-json\/wp\/v2\/product_cat?post=34105"},{"taxonomy":"product_tag","embeddable":true,"href":"https:\/\/hanshin-imports.ch\/index.php\/wp-json\/wp\/v2\/product_tag?post=34105"}],"curies":[{"name":"wp","href":"https:\/\/api.w.org\/{rel}","templated":true}]}}