{"id":33930,"date":"2024-09-24T14:31:58","date_gmt":"2024-09-24T14:31:58","guid":{"rendered":"https:\/\/hanshin-imports.ch\/index.php\/product\/specific-steering-wheel-hub-more-than-120-references\/"},"modified":"2026-04-30T15:18:10","modified_gmt":"2026-04-30T15:18:10","slug":"rrs-steering-wheel-hub","status":"publish","type":"product","link":"https:\/\/hanshin-imports.ch\/index.php\/product\/rrs-steering-wheel-hub\/","title":{"rendered":"Steering Wheel Hub (more than 120 references)"},"content":{"rendered":"<h3><strong>RRS Steering Wheel Hub (more than 120 references)<\/strong><\/h3>\n<p>Made in Italy<\/p>\n<p>Compatible with RRS, OMP, Sparco, Sabelt steering wheels.<\/p>\n<p>We have a list with the 120 most requested references.<\/p>\n<p>Classic cars, saloon, racing cars, we have the hub your need for your vehicle.<\/p>\n<p>If you can&#8217;t find your car model in the list, please contact us.<\/p>\n<h4><strong>List:<\/strong><\/h4>\n<p class=\"p1\">Alfa Rom\u00e9o 75 &#8211; REF 1009<\/p>\n<p class=\"p1\">BMW s\u00e9rie 3 91\/93, Serie 8 90\/93 &#8211; REF 1505<\/p>\n<p class=\"p1\">BMW Serie 3 de 83 \u00e0 90<\/p>\n<p class=\"p1\">BMW Serie 5<span class=\"Apple-converted-space\">\u00a0 <\/span>jusqu&#8217;\u00e0 81 &#8211; REF 1502<\/p>\n<p class=\"p1\">BMW Serie 3 E46 de 98 \u00e0 2006 avec airbag &#8211; REF P1507<\/p>\n<p class=\"p1\">Citro\u00ebn AX de 86 \u00e0 91 &#8211; REF 1805<\/p>\n<p class=\"p1\">Citro\u00ebn SAXO &#8211; REF 1811<\/p>\n<p class=\"p1\">FIAT 126 1-2-3, 127, 147 &#8211; PANDA avant 84 &#8211; REF 2507<\/p>\n<p class=\"p1\">Fiat 128 &#8211; X1\/9 &#8211; REF 2508<\/p>\n<p class=\"p1\">FIAT 500<span class=\"Apple-converted-space\">\u00a0 <\/span>de 92 \u00e0 97- REF 2526<\/p>\n<p class=\"p1\">Ford Fiesta S\u00e9rie 5 \/ 6 Focus s\u00e9rie 1 \/ 2 \/ 3 CAB2742<\/p>\n<p class=\"p1\">Ford Sierra Cosworth- REF P2713<\/p>\n<p class=\"p1\">HONDA CIVIC 84 \u00e0 87, Prelude 84 \u00e0 03\/92 &#8211; REF 3004<\/p>\n<p class=\"p1\">HONDA CIVIC 88\/91, CRX 88\/91, INTEGRA 86 &#8211; REF 3005<\/p>\n<p class=\"p1\">HONDA Civic eg 92-96 &#8211; REF 3006<\/p>\n<p class=\"p1\">HONDA Civic depuis 96 REF 3010<\/p>\n<p class=\"p1\">HONDA Civic depuis 2001, VTI, CRV &#8211; REF C3011<\/p>\n<p class=\"p1\">Mazda MX5 NB 98-2005 &#8211; REF C4111<\/p>\n<p class=\"p1\">Mazda MX5&amp;gt;89 MX6 82-87 RX7 81-85 &#8211; REF 4106<\/p>\n<p class=\"p1\">MITSUBISHI COLT\/ LANCER de 92 \u00e0 96 &#8211; REF 4612<\/p>\n<p class=\"p1\">Mitsubishi Evo 8 &amp;gt;03 &amp;lt;05 &#8211; REF P4617<\/p>\n<p class=\"p1\">Nissan 200 SX &#8211; 240 ZX de 87 \u00e0 92 &#8211; REF 2010<\/p>\n<p class=\"p1\">Nissan 200 SX \u00e0 partir de 93<\/p>\n<p class=\"p1\">Opel Ascona B GT1900 Kadett C Manta<\/p>\n<p class=\"p1\">Opel Ascona 75-81 Kadett 74-79 Manta &amp;gt;74 &#8211; REF C5203<\/p>\n<p class=\"p1\">Opel Corsa B et Corsa A depuis 86 &#8211; REF 5207<\/p>\n<p class=\"p1\">Opel Kadett de 80 \u00e0 85 &#8211; REF 5204<\/p>\n<p class=\"p1\">Opel Frontera &amp;gt;91 &#8211; REF C3401<\/p>\n<p class=\"p1\">Peugeot 104 ZS depuis 73 &#8211; REF S5404<\/p>\n<p class=\"p1\">Peugeot 205 avant 87 &#8211; REF 5408<\/p>\n<p class=\"p1\">Peugeot 205 de 88 \u00e0 89 &#8211; REF 5414<\/p>\n<p class=\"p1\">Peugeot 206 (sans airbag d&#8217;origine) \/ 106 \u00e0 partir de 09\/91 \/ 306 \u00e0 partir de 99 &#8211; REF 5417<\/p>\n<p class=\"p1\">Peugeot 206<span class=\"Apple-converted-space\">\u00a0 <\/span>Ph1 avec airbag &#8211; REF C5419<\/p>\n<p class=\"p1\">Peugeot 306 avec airbag depuis 98 &#8211; REF C5420<\/p>\n<p class=\"p1\">Peugeot 307 \/ 206 Ph2 &#8211; REF CAB1813<\/p>\n<p class=\"p1\">Peugeot 309 avant 90 &#8211; REF 5412<\/p>\n<p class=\"p1\">Peugeot &#8211; REF C5418<\/p>\n<p class=\"p1\">Porsche Boxster (986)<\/p>\n<p class=\"p1\">Renault 5, R5 Alpine, R5 Turbo, Renault 4 &#8211; REF 6108<\/p>\n<p class=\"p1\">Renault 11 &#8211; REF 6107<\/p>\n<p class=\"p1\">Renault 21 \/ 19&amp;gt;88 &#8211; REF 6113<\/p>\n<p class=\"p1\">Renault Alpine A108 -R8 Gordini &#8211; REF S6100<\/p>\n<p class=\"p1\">Renault Clio 16S et Renault 19 16S REF 6123<\/p>\n<p class=\"p1\">Renault Clio avant 97 &#8211; REF 6114<\/p>\n<p class=\"p1\">Renault Clio 97 &amp;gt; 98 &#8211; REF 6118<\/p>\n<p class=\"p1\">Renault Clio 98 \u00e0 2001 &#8211;<span class=\"Apple-converted-space\">\u00a0 <\/span>REF CAB6120<\/p>\n<p class=\"p1\">Renault Clio depuis 2001 &#8211; REF C6121<\/p>\n<p class=\"p1\">Renault Clio RS depuis 2008 &#8211; REF CAB6124<\/p>\n<p class=\"p1\">Renault M\u00e9gane (sans Airbag d&#8217;origine) &#8211; REF 6117<\/p>\n<p class=\"p1\">Renault Super 5 &#8211; REF 6112<\/p>\n<p class=\"p1\">SUBARU IMPREZA depuis 1993 &#8211; REF C6711<\/p>\n<p class=\"p1\">Subaru Impreza depuis 1999 (airbag)<\/p>\n<p class=\"p1\">Subaru Impreza depuis 2004 (airbag)<\/p>\n<p class=\"p1\">SUBARU Legacy 2200 depuis 89 &#8211; REF 6712<\/p>\n<p class=\"p1\">Suzuki Samurai 95 &#8211; Vitara 90<\/p>\n<p class=\"p1\">TOYOTA Celica 88 \u00e0 93, MR2 90 \u00e0 92, Supra de 86 \u00e0 93<\/p>\n<p class=\"p1\">Toyota Yaris Celica 00-05 \/ MR&amp;gt;01 &#8211; REF CAB7026<\/p>\n<p class=\"p1\">Volvo P1800-P1800ES &#8211; REF 7703<\/p>\n<p class=\"p1\">VW Golf jusqu&#8217;\u00e0 81 et Porsche 924 \/ 944 &#8211; REF 7307<\/p>\n<p class=\"p1\">VW Golf II de 82 &amp;gt; 88 &#8211; REF 7308<\/p>\n<p class=\"p1\">VW III depuis 88 (sans airbag d&#8217;origine) &#8211; REF 7312Golf<\/p>\n<p class=\"p1\">VW Golf III depuis 88 avec airbag &#8211; REF C7316<\/p>\n<p class=\"p1\">VW Taro depuis 90 &#8211; REF 7313<\/p>\n","protected":false},"excerpt":{"rendered":"<h3>RRS offers a full steering wheel hub range<\/h3>\n","protected":false},"featured_media":33929,"comment_status":"open","ping_status":"closed","template":"","meta":{"_et_pb_use_builder":"","_et_pb_old_content":"","_et_gb_content_width":"","_monsterinsights_skip_tracking":false,"_monsterinsights_sitenote_active":false,"_monsterinsights_sitenote_note":"","_monsterinsights_sitenote_category":0},"product_brand":[],"product_cat":[620,686,664,653,642,631,353,347,345,325,326,334,335,342,343,344,346,5097,5228,5233,31,5381],"product_tag":[6007,5506,874,875],"class_list":{"0":"post-33930","1":"product","2":"type-product","3":"status-publish","4":"has-post-thumbnail","6":"product_cat-interior-safety-41","7":"product_cat-interior-safety-47","8":"product_cat-interior-safety-45","9":"product_cat-interior-safety-44","10":"product_cat-interior-safety-43","11":"product_cat-interior-safety-42","12":"product_cat-interior-safety-37","13":"product_cat-interior-safety-31","14":"product_cat-interior-safety-29","15":"product_cat-interior-safety-9","16":"product_cat-interior-safety-10","17":"product_cat-interior-safety-18","18":"product_cat-interior-safety-19","19":"product_cat-interior-safety-26","20":"product_cat-interior-safety-27","21":"product_cat-interior-safety-28","22":"product_cat-interior-safety-30","23":"product_cat-interior-sa","24":"product_cat-interior-safety-lotus-elise","25":"product_cat-interior-safety-lotus-exige","26":"product_cat-interior-safety","27":"product_cat-rrs","28":"product_tag-accessories","29":"product_tag-hub","30":"product_tag-rrs-2","31":"product_tag-steering-wheel","33":"first","34":"onbackorder","35":"taxable","36":"shipping-taxable","37":"purchasable","38":"product-type-variable"},"supplier_id":null,"supplier_sku":"","barcode":null,"atum_controlled":true,"out_stock_date":null,"out_stock_threshold":null,"inheritable":true,"inbound_stock":0,"stock_on_hold":0,"sold_today":0,"sales_last_days":0,"reserved_stock":0,"customer_returns":0,"warehouse_damage":0,"lost_in_post":0,"other_logs":0,"out_stock_days":0,"lost_sales":0,"has_location":false,"update_date":"2026-04-30T15:18:20","atum_locations":[],"atum_stock_status":"onbackorder","restock_status":false,"low_stock_amount":"","sales_update_date":"2026-04-30T07:41:54","calc_backorders":-2,"jetpack_sharing_enabled":true,"_links":{"self":[{"href":"https:\/\/hanshin-imports.ch\/index.php\/wp-json\/wp\/v2\/product\/33930","targetHints":{"allow":["GET"]}}],"collection":[{"href":"https:\/\/hanshin-imports.ch\/index.php\/wp-json\/wp\/v2\/product"}],"about":[{"href":"https:\/\/hanshin-imports.ch\/index.php\/wp-json\/wp\/v2\/types\/product"}],"replies":[{"embeddable":true,"href":"https:\/\/hanshin-imports.ch\/index.php\/wp-json\/wp\/v2\/comments?post=33930"}],"wp:featuredmedia":[{"embeddable":true,"href":"https:\/\/hanshin-imports.ch\/index.php\/wp-json\/wp\/v2\/media\/33929"}],"wp:attachment":[{"href":"https:\/\/hanshin-imports.ch\/index.php\/wp-json\/wp\/v2\/media?parent=33930"}],"wp:term":[{"taxonomy":"product_brand","embeddable":true,"href":"https:\/\/hanshin-imports.ch\/index.php\/wp-json\/wp\/v2\/product_brand?post=33930"},{"taxonomy":"product_cat","embeddable":true,"href":"https:\/\/hanshin-imports.ch\/index.php\/wp-json\/wp\/v2\/product_cat?post=33930"},{"taxonomy":"product_tag","embeddable":true,"href":"https:\/\/hanshin-imports.ch\/index.php\/wp-json\/wp\/v2\/product_tag?post=33930"}],"curies":[{"name":"wp","href":"https:\/\/api.w.org\/{rel}","templated":true}]}}