{"id":33846,"date":"2024-09-24T14:30:05","date_gmt":"2024-09-24T14:30:05","guid":{"rendered":"https:\/\/hanshin-imports.ch\/index.php\/product\/tripmaster-la-solution\/"},"modified":"2024-09-24T14:30:06","modified_gmt":"2024-09-24T14:30:06","slug":"tripmaster-la-solution","status":"publish","type":"product","link":"https:\/\/hanshin-imports.ch\/index.php\/product\/tripmaster-la-solution\/","title":{"rendered":"Tripmaster &#8221;La Solution&#8221;"},"content":{"rendered":"<p>DELAI DE LIVRAISON ENTRE 4 JOURS ET 2 SEMAINES    <strong>CADENCEUR &#8220;La Solution&#8221;<\/strong>    <font color=\"#ff6600\"><strong>Utilisation tr\u00e8s simple.<\/strong><\/font>    Il fonctionne en tandem avec votre tripmaster et vous permet, en temps r\u00e9el, de connaitre votre avance ou votre retard par rapport \u00e0 la moyenne impos\u00e9e.     LA SOLUTION apporte un v\u00e9ritable plus \u00e0 l&#8217;\u00e9quipage.  Le co-\u00e9quipier n&#8217;a plus besoin de comparer en permanence l&#8217;affichage du tripmaster avec celui de sa table de moyenne qu&#8217;elle soit papier ou \u00e9lectronique.    LA SOLUTION \u00e9met un signal sonore lorsque vous atteignez l&#8217;\u00e9cart id\u00e9al. Le pilote peut ainsi se r\u00e9guler \u00e0 l&#8217;oreille. Tr\u00e8s facile \u00e0 installer, il suffit de la brancher sur les fiches destin\u00e9es \u00e0 recevoir les compteurs auxiliaires de votre tripmaster.  Aucun r\u00e9glage suppl\u00e9mentaire n&#8217;est n\u00e9cessaire.  Dot\u00e9 d&#8217;un affichage \u00e0 LED haute intensit\u00e9 parfaitement visible de jour comme de nuit.    <strong><font color=\"#ff6600\">Attention : <\/font><\/strong>  Cet appareil n&#8217;est pas pr\u00e9vu pour fonctionner de mani\u00e8re autonome. Il doit imp\u00e9rativement \u00eatre connect\u00e9 \u00e0 un Tripmaster compatible comme :  <strong>VHTRIP Classic<\/strong> (S\u00e9rie > V06010960)  <strong>MINI TRIP<\/strong> (S\u00e9rie > M07120)   <strong>VHTRIP TWIN<\/strong> (Tous mod\u00e8les)    <strong><font color=\"#ff6600\">En r\u00e9sum\u00e9, La Solution apporte de nombreux avantages :<\/font><\/strong>  &#8211; Aucun calcul \u00e0 faire  &#8211; Plus besoin de suivre une Table de Moyenne  &#8211; Plus besoin d\u2019avoir les yeux riv\u00e9s sur le Tripmaster ni sur le cadenceur  &#8211; Moins de stress pour le copilote  &#8211; Le pilote peut se r\u00e9guler seul, \u00e0 l&#8217;oreille.<\/p>\n","protected":false},"excerpt":{"rendered":"<p>DELAI DE LIVRAISON ENTRE 4 JOURS ET 2 SEMAINES    <font color=\"#ff6600\"><strong>Utilisation tr\u00e8s simple.<\/strong><\/font>    Il fonctionne en tandem avec votre tripmaster et vous permet, en temps r\u00e9el, de connaitre votre avance ou votre retard par rapport \u00e0 la moyenne impos\u00e9e.     LA SOLUTION apporte un v\u00e9ritable plus \u00e0 l&#8217;\u00e9quipage.  Le co-\u00e9quipier n&#8217;a plus besoin de comparer en permanence l&#8217;affichage du tripmaster avec celui de sa table de moyenne qu&#8217;elle soit papier ou \u00e9lectronique.    LA SOLUTION \u00e9met un signal sonore lorsque vous atteignez l&#8217;\u00e9cart id\u00e9al. Le pilote peut ainsi se r\u00e9guler \u00e0 l&#8217;oreille. Tr\u00e8s facile \u00e0 installer, il suffit de la brancher sur les fiches destin\u00e9es \u00e0 recevoir les compteurs auxiliaires de votre tripmaster.  Aucun r\u00e9glage suppl\u00e9mentaire n&#8217;est n\u00e9cessaire.  Dot\u00e9 d&#8217;un affichage \u00e0 LED haute intensit\u00e9 parfaitement visible de jour comme de nuit.    <strong><font color=\"#ff6600\">Attention : <\/font><\/strong>  Cet appareil n&#8217;est pas pr\u00e9vu pour fonctionner de mani\u00e8re autonome. Il doit imp\u00e9rativement \u00eatre connect\u00e9 \u00e0 un Tripmaster compatible comme :  <strong>VHTRIP Classic<\/strong> (S\u00e9rie > V06010960)  <strong>MINI TRIP<\/strong> (S\u00e9rie > M07120)   <strong>VHTRIP TWIN<\/strong> (Tous mod\u00e8les)    <strong><font color=\"#ff6600\">En r\u00e9sum\u00e9, La Solution apporte de nombreux avantages :<\/font><\/strong>  &#8211; Aucun calcul \u00e0 faire  &#8211; Plus besoin de suivre une Table de Moyenne  &#8211; Plus besoin d\u2019avoir les yeux riv\u00e9s sur le Tripmaster ni sur le cadenceur  &#8211; Moins de stress pour le copilote  &#8211; Le pilote peut se r\u00e9guler seul, \u00e0 l&#8217;oreille.<\/p>\n","protected":false},"featured_media":0,"comment_status":"open","ping_status":"closed","template":"","meta":{"_et_pb_use_builder":"","_et_pb_old_content":"","_et_gb_content_width":"","_monsterinsights_skip_tracking":false,"_monsterinsights_sitenote_active":false,"_monsterinsights_sitenote_note":"","_monsterinsights_sitenote_category":0},"product_brand":[],"product_cat":[5097,31,5228,5233,5381],"product_tag":[],"class_list":{"0":"post-33846","1":"product","2":"type-product","3":"status-publish","5":"product_cat-interior-sa","6":"product_cat-interior-safety","7":"product_cat-interior-safety-lotus-elise","8":"product_cat-interior-safety-lotus-exige","9":"product_cat-rrs","11":"first","12":"onbackorder","13":"taxable","14":"shipping-taxable","15":"purchasable","16":"product-type-simple"},"supplier_id":null,"supplier_sku":"","barcode":null,"atum_controlled":true,"out_stock_date":null,"out_stock_threshold":null,"inheritable":false,"inbound_stock":0,"stock_on_hold":0,"sold_today":0,"sales_last_days":0,"reserved_stock":0,"customer_returns":0,"warehouse_damage":0,"lost_in_post":0,"other_logs":0,"out_stock_days":0,"lost_sales":0,"has_location":false,"update_date":"2026-04-10T20:05:04","atum_locations":[],"atum_stock_status":"instock","restock_status":false,"low_stock_amount":"","sales_update_date":"2026-04-10T20:05:04","calc_backorders":null,"jetpack_sharing_enabled":true,"_links":{"self":[{"href":"https:\/\/hanshin-imports.ch\/index.php\/wp-json\/wp\/v2\/product\/33846","targetHints":{"allow":["GET"]}}],"collection":[{"href":"https:\/\/hanshin-imports.ch\/index.php\/wp-json\/wp\/v2\/product"}],"about":[{"href":"https:\/\/hanshin-imports.ch\/index.php\/wp-json\/wp\/v2\/types\/product"}],"replies":[{"embeddable":true,"href":"https:\/\/hanshin-imports.ch\/index.php\/wp-json\/wp\/v2\/comments?post=33846"}],"wp:attachment":[{"href":"https:\/\/hanshin-imports.ch\/index.php\/wp-json\/wp\/v2\/media?parent=33846"}],"wp:term":[{"taxonomy":"product_brand","embeddable":true,"href":"https:\/\/hanshin-imports.ch\/index.php\/wp-json\/wp\/v2\/product_brand?post=33846"},{"taxonomy":"product_cat","embeddable":true,"href":"https:\/\/hanshin-imports.ch\/index.php\/wp-json\/wp\/v2\/product_cat?post=33846"},{"taxonomy":"product_tag","embeddable":true,"href":"https:\/\/hanshin-imports.ch\/index.php\/wp-json\/wp\/v2\/product_tag?post=33846"}],"curies":[{"name":"wp","href":"https:\/\/api.w.org\/{rel}","templated":true}]}}