{"id":33740,"date":"2024-09-24T14:24:12","date_gmt":"2024-09-24T14:24:12","guid":{"rendered":"https:\/\/hanshin-imports.ch\/index.php\/product\/gants-anti-chaleur-260c\/"},"modified":"2024-09-24T14:24:13","modified_gmt":"2024-09-24T14:24:13","slug":"gants-anti-chaleur-260c","status":"publish","type":"product","link":"https:\/\/hanshin-imports.ch\/index.php\/product\/gants-anti-chaleur-260c\/","title":{"rendered":"Gants anti-chaleur 260\u00b0C"},"content":{"rendered":"<p><strong><span style=\"color: #ff6600;\">Carat&eacute;ristiques<\/span><\/strong><\/p>\n<p>Gants non tiss&eacute;, n&eacute;opr&egrave;ne pulv&eacute;ris&eacute;.<br \/>Prot&egrave;ge les mains jusqu&#8217;&agrave; des chaleurs de 260&deg;C<br \/>Grand confort, sans couture.<br \/>R&eacute;siste &agrave; l&#8217;abrasion.<br \/>Imperm&eacute;ables : permettent les travaux sur des milieux mouill&eacute;s ou enduits d&#8217;huile chaude<\/p>\n<p>Taille unique<br \/>Vendus par paire<\/p>\n","protected":false},"excerpt":{"rendered":"<p>Gants non tiss\u00e9, n\u00e9opr\u00e8ne pulv\u00e9ris\u00e9.<\/p>\n","protected":false},"featured_media":33739,"comment_status":"open","ping_status":"closed","template":"","meta":{"_et_pb_use_builder":"","_et_pb_old_content":"","_et_gb_content_width":"","_monsterinsights_skip_tracking":false,"_monsterinsights_sitenote_active":false,"_monsterinsights_sitenote_note":"","_monsterinsights_sitenote_category":0},"product_brand":[],"product_cat":[5097,31,5228,5233,5381],"product_tag":[],"class_list":{"0":"post-33740","1":"product","2":"type-product","3":"status-publish","4":"has-post-thumbnail","6":"product_cat-interior-sa","7":"product_cat-interior-safety","8":"product_cat-interior-safety-lotus-elise","9":"product_cat-interior-safety-lotus-exige","10":"product_cat-rrs","12":"first","13":"onbackorder","14":"taxable","15":"shipping-taxable","16":"purchasable","17":"product-type-simple"},"supplier_id":null,"supplier_sku":"","barcode":null,"atum_controlled":true,"out_stock_date":null,"out_stock_threshold":null,"inheritable":false,"inbound_stock":null,"stock_on_hold":null,"sold_today":null,"sales_last_days":null,"reserved_stock":null,"customer_returns":null,"warehouse_damage":null,"lost_in_post":null,"other_logs":null,"out_stock_days":null,"lost_sales":null,"has_location":null,"update_date":null,"atum_locations":[],"atum_stock_status":"instock","restock_status":false,"low_stock_amount":"","sales_update_date":null,"calc_backorders":null,"jetpack_sharing_enabled":true,"_links":{"self":[{"href":"https:\/\/hanshin-imports.ch\/index.php\/wp-json\/wp\/v2\/product\/33740","targetHints":{"allow":["GET"]}}],"collection":[{"href":"https:\/\/hanshin-imports.ch\/index.php\/wp-json\/wp\/v2\/product"}],"about":[{"href":"https:\/\/hanshin-imports.ch\/index.php\/wp-json\/wp\/v2\/types\/product"}],"replies":[{"embeddable":true,"href":"https:\/\/hanshin-imports.ch\/index.php\/wp-json\/wp\/v2\/comments?post=33740"}],"wp:featuredmedia":[{"embeddable":true,"href":"https:\/\/hanshin-imports.ch\/index.php\/wp-json\/wp\/v2\/media\/33739"}],"wp:attachment":[{"href":"https:\/\/hanshin-imports.ch\/index.php\/wp-json\/wp\/v2\/media?parent=33740"}],"wp:term":[{"taxonomy":"product_brand","embeddable":true,"href":"https:\/\/hanshin-imports.ch\/index.php\/wp-json\/wp\/v2\/product_brand?post=33740"},{"taxonomy":"product_cat","embeddable":true,"href":"https:\/\/hanshin-imports.ch\/index.php\/wp-json\/wp\/v2\/product_cat?post=33740"},{"taxonomy":"product_tag","embeddable":true,"href":"https:\/\/hanshin-imports.ch\/index.php\/wp-json\/wp\/v2\/product_tag?post=33740"}],"curies":[{"name":"wp","href":"https:\/\/api.w.org\/{rel}","templated":true}]}}