{"id":3359,"date":"2017-09-13T16:02:56","date_gmt":"2017-09-13T16:02:56","guid":{"rendered":"http:\/\/hanshin-imports.ch\/?post_type=product&#038;p=3359"},"modified":"2020-03-31T20:58:11","modified_gmt":"2020-03-31T20:58:11","slug":"hanshin-electric-radiator-cooling-fan-40mm","status":"publish","type":"product","link":"https:\/\/hanshin-imports.ch\/index.php\/product\/hanshin-electric-radiator-cooling-fan-40mm\/","title":{"rendered":"Hanshin Electric Radiator Cooling Fan 40cm"},"content":{"rendered":"<p><strong>English:<\/strong><\/p>\n<p>The radiator Fan is constructed from durable lightweight composite.<br \/>The design is Slim and allows for greater clearance (especially when using a performance radiator)<br \/>Durable and powerful motor for long life and reliable performance<br \/>The performance of the ventilator is: 1720 CFM<br \/>2.5&#8243; thickness at the largest point<br \/>Brackets included<br \/>Push\/pull design<\/p>\n<p><strong>Fran\u00e7ais:<\/strong><\/p>\n<p class=\"tw-data-text tw-ta tw-text-small\" id=\"tw-target-text\" style=\"text-align:left;height:312px;\" dir=\"ltr\"><span xml:lang=\"fr\" lang=\"fr\">Le ventilateur est construit \u00e0 partir de composite l\u00e9ger durable. Le design mince permet un plus grand jeu (en particulier lors de l&#8217;utilisation d&#8217;un radiateur performance) Moteur durable et puissant pour une longue dur\u00e9e de vie et des performances fiables Fournit un refroidissement exceptionnel et jusqu&#8217;\u00e0 1720 CFM 2,5 &#8220;d&#8217;\u00e9paisseur au plus grand point Supports inclus Conception push \/ pull<\/span><\/p>\n","protected":false},"excerpt":{"rendered":"<p><span xml:lang=\"en\" lang=\"en\">High performance <\/span>Electric Radiator Cooling Fan by Hanshin-Imports.<\/p>\n","protected":false},"featured_media":3360,"comment_status":"open","ping_status":"open","template":"","meta":{"_et_pb_use_builder":"","_et_pb_old_content":"","_et_gb_content_width":"","_monsterinsights_skip_tracking":false,"_monsterinsights_sitenote_active":false,"_monsterinsights_sitenote_note":"","_monsterinsights_sitenote_category":0},"product_brand":[40],"product_cat":[532,521,522,523,524,525,526,527,528,529,530,531,24,533,534,535,536,537,538,625,636,647,658,669,519,230,501,502,503,504,505,506,507,508,509,510,511,512,513,514,515,516,517,518,520],"product_tag":[1576,1128],"class_list":{"0":"post-3359","1":"product","2":"type-product","3":"status-publish","4":"has-post-thumbnail","6":"product_brand-hanshin-imports","7":"product_cat-electronics-34","8":"product_cat-electronics-23","9":"product_cat-electronics-24","10":"product_cat-electronics-25","11":"product_cat-electronics-26","12":"product_cat-electronics-27","13":"product_cat-electronics-28","14":"product_cat-electronics-29","15":"product_cat-electronics-30","16":"product_cat-electronics-31","17":"product_cat-electronics-32","18":"product_cat-electronics-33","19":"product_cat-electronics","20":"product_cat-electronics-35","21":"product_cat-electronics-36","22":"product_cat-electronics-37","23":"product_cat-electronics-38","24":"product_cat-electronics-39","25":"product_cat-electronics-40","26":"product_cat-electronics-41","27":"product_cat-electronics-42","28":"product_cat-electronics-43","29":"product_cat-electronics-44","30":"product_cat-electronics-45","31":"product_cat-electronics-21","32":"product_cat-electronics-2","33":"product_cat-electronics-3","34":"product_cat-electronics-4","35":"product_cat-electronics-5","36":"product_cat-electronics-6","37":"product_cat-electronics-7","38":"product_cat-electronics-8","39":"product_cat-electronics-9","40":"product_cat-electronics-10","41":"product_cat-electronics-11","42":"product_cat-electronics-12","43":"product_cat-electronics-13","44":"product_cat-electronics-14","45":"product_cat-electronics-15","46":"product_cat-electronics-16","47":"product_cat-electronics-17","48":"product_cat-electronics-18","49":"product_cat-electronics-19","50":"product_cat-electronics-20","51":"product_cat-electronics-22","52":"product_tag-fan","53":"product_tag-radiator","54":"pa_compatiblity-universal","56":"first","57":"instock","58":"taxable","59":"shipping-taxable","60":"purchasable","61":"product-type-simple"},"supplier_id":null,"supplier_sku":"","barcode":null,"atum_controlled":true,"out_stock_date":null,"out_stock_threshold":null,"inheritable":false,"inbound_stock":0,"stock_on_hold":0,"sold_today":0,"sales_last_days":0,"reserved_stock":0,"customer_returns":0,"warehouse_damage":0,"lost_in_post":0,"other_logs":0,"out_stock_days":0,"lost_sales":0,"has_location":false,"update_date":"2026-03-30T15:03:48","atum_locations":[],"atum_stock_status":"instock","restock_status":false,"low_stock_amount":"","sales_update_date":"2026-03-30T15:03:48","calc_backorders":0,"jetpack_sharing_enabled":true,"_links":{"self":[{"href":"https:\/\/hanshin-imports.ch\/index.php\/wp-json\/wp\/v2\/product\/3359","targetHints":{"allow":["GET"]}}],"collection":[{"href":"https:\/\/hanshin-imports.ch\/index.php\/wp-json\/wp\/v2\/product"}],"about":[{"href":"https:\/\/hanshin-imports.ch\/index.php\/wp-json\/wp\/v2\/types\/product"}],"replies":[{"embeddable":true,"href":"https:\/\/hanshin-imports.ch\/index.php\/wp-json\/wp\/v2\/comments?post=3359"}],"wp:featuredmedia":[{"embeddable":true,"href":"https:\/\/hanshin-imports.ch\/index.php\/wp-json\/wp\/v2\/media\/3360"}],"wp:attachment":[{"href":"https:\/\/hanshin-imports.ch\/index.php\/wp-json\/wp\/v2\/media?parent=3359"}],"wp:term":[{"taxonomy":"product_brand","embeddable":true,"href":"https:\/\/hanshin-imports.ch\/index.php\/wp-json\/wp\/v2\/product_brand?post=3359"},{"taxonomy":"product_cat","embeddable":true,"href":"https:\/\/hanshin-imports.ch\/index.php\/wp-json\/wp\/v2\/product_cat?post=3359"},{"taxonomy":"product_tag","embeddable":true,"href":"https:\/\/hanshin-imports.ch\/index.php\/wp-json\/wp\/v2\/product_tag?post=3359"}],"curies":[{"name":"wp","href":"https:\/\/api.w.org\/{rel}","templated":true}]}}