{"id":33523,"date":"2024-09-24T14:10:41","date_gmt":"2024-09-24T14:10:41","guid":{"rendered":"https:\/\/hanshin-imports.ch\/index.php\/product\/omp-pro-kit-micro-hp-avec-coquilles-antibruit\/"},"modified":"2024-09-24T14:10:45","modified_gmt":"2024-09-24T14:10:45","slug":"omp-pro-kit-micro-hp-avec-coquilles-antibruit","status":"publish","type":"product","link":"https:\/\/hanshin-imports.ch\/index.php\/product\/omp-pro-kit-micro-hp-avec-coquilles-antibruit\/","title":{"rendered":"OMP PRO &#8211; Kit micro\/hp avec coquilles antibruit"},"content":{"rendered":"<p><font color=\"ff6600\"><strong>KIT COQUILLES OMP  CONNECTIQUE PELTOR <\/strong><\/font>    Kit interphone  professionnel complet pour le montage dans un casque Int\u00e9gral.    Ce kit comprend :   2 coquilles anti-bruit avec haut parleur int\u00e9gr\u00e9  flexible avec son microphone dynamique pour le filtrage des bruits  ext\u00e9rieurs.    Tout l&#8217;ensemble est d\u00e9j\u00e0 c\u00e2bl\u00e9, votre seul travail sera de faire le montage dans votre  casque.    Prise de sortie de type aviation Peltor m\u00e2le (compatible avec beaucoup d&#8217;intercom qui utilisent ce type de connectiques     Exemple Terratrip Pro, Peltor, OMP, Sparco &hellip;)    Poids : 180 grammes<\/p>\n","protected":false},"excerpt":{"rendered":"<p><font color=\"ff6600\"><strong>KIT COQUILLES OMP  CONNECTIQUE PELTOR <\/strong><\/font>    Kit interphone  professionnel complet pour le montage dans un casque Int\u00e9gral.    Ce kit comprend :   2 coquilles anti-bruit avec haut parleur int\u00e9gr\u00e9  flexible avec son microphone dynamique pour le filtrage des bruits  ext\u00e9rieurs.    Tout l&#8217;ensemble est d\u00e9j\u00e0 c\u00e2bl\u00e9, votre seul travail sera de faire le montage dans votre  casque.    Prise de sortie de type aviation Peltor m\u00e2le (compatible avec beaucoup d&#8217;intercom qui utilisent ce type de connectiques     Exemple Terratrip Pro, Peltor, OMP, Sparco &hellip;)    Poids : 180 grammes<\/p>\n","protected":false},"featured_media":33522,"comment_status":"open","ping_status":"closed","template":"","meta":{"_et_pb_use_builder":"","_et_pb_old_content":"","_et_gb_content_width":"","_monsterinsights_skip_tracking":false,"_monsterinsights_sitenote_active":false,"_monsterinsights_sitenote_note":"","_monsterinsights_sitenote_category":0},"product_brand":[],"product_cat":[5097,31,5228,5233,5381],"product_tag":[],"class_list":{"0":"post-33523","1":"product","2":"type-product","3":"status-publish","4":"has-post-thumbnail","6":"product_cat-interior-sa","7":"product_cat-interior-safety","8":"product_cat-interior-safety-lotus-elise","9":"product_cat-interior-safety-lotus-exige","10":"product_cat-rrs","12":"first","13":"onbackorder","14":"taxable","15":"shipping-taxable","16":"purchasable","17":"product-type-simple"},"supplier_id":null,"supplier_sku":"","barcode":null,"atum_controlled":true,"out_stock_date":null,"out_stock_threshold":null,"inheritable":false,"inbound_stock":0,"stock_on_hold":0,"sold_today":0,"sales_last_days":0,"reserved_stock":0,"customer_returns":0,"warehouse_damage":0,"lost_in_post":0,"other_logs":0,"out_stock_days":0,"lost_sales":0,"has_location":false,"update_date":"2026-04-10T20:05:04","atum_locations":[],"atum_stock_status":"instock","restock_status":false,"low_stock_amount":"","sales_update_date":"2026-04-10T20:05:04","calc_backorders":null,"jetpack_sharing_enabled":true,"_links":{"self":[{"href":"https:\/\/hanshin-imports.ch\/index.php\/wp-json\/wp\/v2\/product\/33523","targetHints":{"allow":["GET"]}}],"collection":[{"href":"https:\/\/hanshin-imports.ch\/index.php\/wp-json\/wp\/v2\/product"}],"about":[{"href":"https:\/\/hanshin-imports.ch\/index.php\/wp-json\/wp\/v2\/types\/product"}],"replies":[{"embeddable":true,"href":"https:\/\/hanshin-imports.ch\/index.php\/wp-json\/wp\/v2\/comments?post=33523"}],"wp:featuredmedia":[{"embeddable":true,"href":"https:\/\/hanshin-imports.ch\/index.php\/wp-json\/wp\/v2\/media\/33522"}],"wp:attachment":[{"href":"https:\/\/hanshin-imports.ch\/index.php\/wp-json\/wp\/v2\/media?parent=33523"}],"wp:term":[{"taxonomy":"product_brand","embeddable":true,"href":"https:\/\/hanshin-imports.ch\/index.php\/wp-json\/wp\/v2\/product_brand?post=33523"},{"taxonomy":"product_cat","embeddable":true,"href":"https:\/\/hanshin-imports.ch\/index.php\/wp-json\/wp\/v2\/product_cat?post=33523"},{"taxonomy":"product_tag","embeddable":true,"href":"https:\/\/hanshin-imports.ch\/index.php\/wp-json\/wp\/v2\/product_tag?post=33523"}],"curies":[{"name":"wp","href":"https:\/\/api.w.org\/{rel}","templated":true}]}}