{"id":33499,"date":"2024-09-24T14:10:13","date_gmt":"2024-09-24T14:10:13","guid":{"rendered":"https:\/\/hanshin-imports.ch\/index.php\/product\/adjustable-camera-holder-for-roll-bar\/"},"modified":"2024-09-24T14:10:16","modified_gmt":"2024-09-24T14:10:16","slug":"adjustable-camera-holder-for-roll-bar","status":"publish","type":"product","link":"https:\/\/hanshin-imports.ch\/index.php\/product\/adjustable-camera-holder-for-roll-bar\/","title":{"rendered":"Adjustable camera holder for roll bar"},"content":{"rendered":"<p><strong><span style=\"color: #ff6600;\">INDISPENSABLE !<\/span> <\/strong><\/p>\n<p>Fixation camera sports pour Arceau (conforme FFSA, FIA), Quad, VTT, v\u00e9los&#8230;<\/p>\n<p>RRS a con\u00e7u sp\u00e9cialement ce support pour fixer votre mini cam embarqu\u00e9e sur l&#8217;arceau ou sur le cadre de v\u00e9lo, quad..<\/p>\n<p>Tr\u00e8s r\u00e9sistant et solide.<\/p>\n<p>Sa t\u00eate rotative et son bras inclinable vous offre un maximum de mobilit\u00e9 pour fixer votre cam\u00e9ra n&#8217;importe o\u00f9 sur l&#8217;arceau tout en restant tr\u00e8s rigide une fois r\u00e9gl\u00e9 pour un maintien parfait durant les sp\u00e9ciales de rallye ou circuit.<\/p>\n<p>Conforme \u00e0 la r\u00e9glementation FFSA et FIA.<\/p>\n<p>Filetage standard, permet de fixer tout types d&#8217;action camera, sport cam, mini camera (Rollei, drift hd etc)<\/p>\n<p>Il convient parfaitement \u00e0 la camera <a href=\"https:\/\/rrs-direct.com\/camera-action-cam-4k-avec-telecommande-et-accessoires.html\" target=\"_blank\" rel=\"noopener\">Rollei HD.<\/a><\/p>\n<p><span style=\"color: #ff6600;\"><strong>PRET A ETRE INSTALL\u00c9<\/strong><\/span><\/p>\n","protected":false},"excerpt":{"rendered":"<p>Ce support a \u00e9t\u00e9 sp\u00e9cialement con\u00e7u pour accrocher votre cam\u00e9ra embarqu\u00e9e sur l&#8217;arceau de votre voiture.<\/p>\n","protected":false},"featured_media":33498,"comment_status":"open","ping_status":"closed","template":"","meta":{"_et_pb_use_builder":"","_et_pb_old_content":"","_et_gb_content_width":"","_monsterinsights_skip_tracking":false,"_monsterinsights_sitenote_active":false,"_monsterinsights_sitenote_note":"","_monsterinsights_sitenote_category":0},"product_brand":[],"product_cat":[5097,31,5228,5233,5381],"product_tag":[],"class_list":{"0":"post-33499","1":"product","2":"type-product","3":"status-publish","4":"has-post-thumbnail","6":"product_cat-interior-sa","7":"product_cat-interior-safety","8":"product_cat-interior-safety-lotus-elise","9":"product_cat-interior-safety-lotus-exige","10":"product_cat-rrs","12":"first","13":"onbackorder","14":"taxable","15":"shipping-taxable","16":"purchasable","17":"product-type-simple"},"supplier_id":null,"supplier_sku":"","barcode":null,"atum_controlled":true,"out_stock_date":null,"out_stock_threshold":null,"inheritable":false,"inbound_stock":0,"stock_on_hold":0,"sold_today":0,"sales_last_days":0,"reserved_stock":0,"customer_returns":0,"warehouse_damage":0,"lost_in_post":0,"other_logs":0,"out_stock_days":0,"lost_sales":0,"has_location":false,"update_date":"2024-12-11T08:58:03","atum_locations":[],"atum_stock_status":"instock","restock_status":false,"low_stock_amount":"","sales_update_date":"2024-12-11T08:58:03","calc_backorders":null,"jetpack_sharing_enabled":true,"_links":{"self":[{"href":"https:\/\/hanshin-imports.ch\/index.php\/wp-json\/wp\/v2\/product\/33499","targetHints":{"allow":["GET"]}}],"collection":[{"href":"https:\/\/hanshin-imports.ch\/index.php\/wp-json\/wp\/v2\/product"}],"about":[{"href":"https:\/\/hanshin-imports.ch\/index.php\/wp-json\/wp\/v2\/types\/product"}],"replies":[{"embeddable":true,"href":"https:\/\/hanshin-imports.ch\/index.php\/wp-json\/wp\/v2\/comments?post=33499"}],"wp:featuredmedia":[{"embeddable":true,"href":"https:\/\/hanshin-imports.ch\/index.php\/wp-json\/wp\/v2\/media\/33498"}],"wp:attachment":[{"href":"https:\/\/hanshin-imports.ch\/index.php\/wp-json\/wp\/v2\/media?parent=33499"}],"wp:term":[{"taxonomy":"product_brand","embeddable":true,"href":"https:\/\/hanshin-imports.ch\/index.php\/wp-json\/wp\/v2\/product_brand?post=33499"},{"taxonomy":"product_cat","embeddable":true,"href":"https:\/\/hanshin-imports.ch\/index.php\/wp-json\/wp\/v2\/product_cat?post=33499"},{"taxonomy":"product_tag","embeddable":true,"href":"https:\/\/hanshin-imports.ch\/index.php\/wp-json\/wp\/v2\/product_tag?post=33499"}],"curies":[{"name":"wp","href":"https:\/\/api.w.org\/{rel}","templated":true}]}}