{"id":33345,"date":"2024-09-24T13:59:05","date_gmt":"2024-09-24T13:59:05","guid":{"rendered":"https:\/\/hanshin-imports.ch\/index.php\/product\/housse-isotherme-pour-poche-a-eau-2l-2\/"},"modified":"2024-09-24T13:59:07","modified_gmt":"2024-09-24T13:59:07","slug":"housse-isotherme-pour-poche-a-eau-2l-2","status":"publish","type":"product","link":"https:\/\/hanshin-imports.ch\/index.php\/product\/housse-isotherme-pour-poche-a-eau-2l-2\/","title":{"rendered":"Housse isotherme pour poche \u00e0 eau 2L"},"content":{"rendered":"<p>Housse isotherme con\u00e7ue pour isoler thermiquement votre poche \u00e0 eau.    Id\u00e9ale pour le rallye et les fortes chaleurs de l&#8217;habitacle et buvez frais apr\u00e8s un lap de temps important.  Test\u00e9e pour laisser la temp\u00e9rature du liquide passer de 4\u00b0C \u00e0 23\u00b0C \u00e0 une temp\u00e9rature ambiante de 30\u00b0C en 4h !    Dimensions : 43 x 21 cm.    <strong><font=\"#ff6600\">Tr\u00e8s l\u00e9g\u00e8re : 170 g seulement  !<\/font><strong><\/p>\n","protected":false},"excerpt":{"rendered":"<p>Housse isotherme con\u00e7ue pour isoler thermiquement votre poche \u00e0 eau.<\/p>\n","protected":false},"featured_media":0,"comment_status":"open","ping_status":"closed","template":"","meta":{"_et_pb_use_builder":"","_et_pb_old_content":"","_et_gb_content_width":"","_monsterinsights_skip_tracking":false,"_monsterinsights_sitenote_active":false,"_monsterinsights_sitenote_note":"","_monsterinsights_sitenote_category":0},"product_brand":[],"product_cat":[5097,31,5228,5233,5381],"product_tag":[],"class_list":{"0":"post-33345","1":"product","2":"type-product","3":"status-publish","5":"product_cat-interior-sa","6":"product_cat-interior-safety","7":"product_cat-interior-safety-lotus-elise","8":"product_cat-interior-safety-lotus-exige","9":"product_cat-rrs","11":"first","12":"onbackorder","13":"taxable","14":"shipping-taxable","15":"purchasable","16":"product-type-simple"},"supplier_id":null,"supplier_sku":"","barcode":null,"atum_controlled":true,"out_stock_date":null,"out_stock_threshold":null,"inheritable":false,"inbound_stock":null,"stock_on_hold":null,"sold_today":null,"sales_last_days":null,"reserved_stock":null,"customer_returns":null,"warehouse_damage":null,"lost_in_post":null,"other_logs":null,"out_stock_days":null,"lost_sales":null,"has_location":null,"update_date":null,"atum_locations":[],"atum_stock_status":"instock","restock_status":false,"low_stock_amount":"","sales_update_date":null,"calc_backorders":null,"jetpack_sharing_enabled":true,"_links":{"self":[{"href":"https:\/\/hanshin-imports.ch\/index.php\/wp-json\/wp\/v2\/product\/33345","targetHints":{"allow":["GET"]}}],"collection":[{"href":"https:\/\/hanshin-imports.ch\/index.php\/wp-json\/wp\/v2\/product"}],"about":[{"href":"https:\/\/hanshin-imports.ch\/index.php\/wp-json\/wp\/v2\/types\/product"}],"replies":[{"embeddable":true,"href":"https:\/\/hanshin-imports.ch\/index.php\/wp-json\/wp\/v2\/comments?post=33345"}],"wp:attachment":[{"href":"https:\/\/hanshin-imports.ch\/index.php\/wp-json\/wp\/v2\/media?parent=33345"}],"wp:term":[{"taxonomy":"product_brand","embeddable":true,"href":"https:\/\/hanshin-imports.ch\/index.php\/wp-json\/wp\/v2\/product_brand?post=33345"},{"taxonomy":"product_cat","embeddable":true,"href":"https:\/\/hanshin-imports.ch\/index.php\/wp-json\/wp\/v2\/product_cat?post=33345"},{"taxonomy":"product_tag","embeddable":true,"href":"https:\/\/hanshin-imports.ch\/index.php\/wp-json\/wp\/v2\/product_tag?post=33345"}],"curies":[{"name":"wp","href":"https:\/\/api.w.org\/{rel}","templated":true}]}}