{"id":33278,"date":"2024-09-24T13:57:42","date_gmt":"2024-09-24T13:57:42","guid":{"rendered":"https:\/\/hanshin-imports.ch\/index.php\/product\/ruban-thermoretractable-20mm-x-50m-2\/"},"modified":"2024-09-24T13:57:44","modified_gmt":"2024-09-24T13:57:44","slug":"ruban-thermoretractable-20mm-x-50m-2","status":"publish","type":"product","link":"https:\/\/hanshin-imports.ch\/index.php\/product\/ruban-thermoretractable-20mm-x-50m-2\/","title":{"rendered":"Ruban thermor\u00e9tractable 20mm x 50m"},"content":{"rendered":"<p>Rouleau de 50 m&egrave;tres &#8211; Largeur : 20 mm<\/p>\n<p>Ruban de polyol&eacute;fine irradi&eacute;e. <br \/>Mise en &oelig;uvre avec un pistolet ou g&eacute;n&eacute;rateur d&#8217;air chaud.<br \/>R&eacute;traction &agrave; partir de 382&deg; C et formation d&#8217;une paroi continue, isolante et &eacute;tanche sur l&#8217;objet qu&#8217;elle recouvre.<\/p>\n<p>Temp&eacute;rature d&#8217;utilisation en continu : &#8211; 55&deg; C &agrave; + 105&deg; C.<\/p>\n<p><span style=\"color: #ff6600;\"><strong>Applications :<\/strong><\/span><br \/>Isolation sur jonction ou d&eacute;rivation de c&acirc;bles isol&eacute;s.<br \/>&Eacute;tanch&eacute;it&eacute; de jonction de c&acirc;bles, tubes, durites ou objets divers.<\/p>\n","protected":false},"excerpt":{"rendered":"<p>Isolation sur jonction ou d\u00e9rivation de c\u00e2bles isol\u00e9s.  \u00c9tanch\u00e9it\u00e9 de jonction de c\u00e2bles, tubes, durites ou objets divers.<\/p>\n","protected":false},"featured_media":33277,"comment_status":"open","ping_status":"closed","template":"","meta":{"_et_pb_use_builder":"","_et_pb_old_content":"","_et_gb_content_width":"","_monsterinsights_skip_tracking":false,"_monsterinsights_sitenote_active":false,"_monsterinsights_sitenote_note":"","_monsterinsights_sitenote_category":0},"product_brand":[],"product_cat":[5097,31,5228,5233,5381],"product_tag":[],"class_list":{"0":"post-33278","1":"product","2":"type-product","3":"status-publish","4":"has-post-thumbnail","6":"product_cat-interior-sa","7":"product_cat-interior-safety","8":"product_cat-interior-safety-lotus-elise","9":"product_cat-interior-safety-lotus-exige","10":"product_cat-rrs","12":"first","13":"onbackorder","14":"taxable","15":"shipping-taxable","16":"purchasable","17":"product-type-simple"},"supplier_id":null,"supplier_sku":"","barcode":null,"atum_controlled":true,"out_stock_date":null,"out_stock_threshold":null,"inheritable":false,"inbound_stock":null,"stock_on_hold":null,"sold_today":null,"sales_last_days":null,"reserved_stock":null,"customer_returns":null,"warehouse_damage":null,"lost_in_post":null,"other_logs":null,"out_stock_days":null,"lost_sales":null,"has_location":null,"update_date":null,"atum_locations":[],"atum_stock_status":"instock","restock_status":false,"low_stock_amount":"","sales_update_date":null,"calc_backorders":null,"jetpack_sharing_enabled":true,"_links":{"self":[{"href":"https:\/\/hanshin-imports.ch\/index.php\/wp-json\/wp\/v2\/product\/33278","targetHints":{"allow":["GET"]}}],"collection":[{"href":"https:\/\/hanshin-imports.ch\/index.php\/wp-json\/wp\/v2\/product"}],"about":[{"href":"https:\/\/hanshin-imports.ch\/index.php\/wp-json\/wp\/v2\/types\/product"}],"replies":[{"embeddable":true,"href":"https:\/\/hanshin-imports.ch\/index.php\/wp-json\/wp\/v2\/comments?post=33278"}],"wp:featuredmedia":[{"embeddable":true,"href":"https:\/\/hanshin-imports.ch\/index.php\/wp-json\/wp\/v2\/media\/33277"}],"wp:attachment":[{"href":"https:\/\/hanshin-imports.ch\/index.php\/wp-json\/wp\/v2\/media?parent=33278"}],"wp:term":[{"taxonomy":"product_brand","embeddable":true,"href":"https:\/\/hanshin-imports.ch\/index.php\/wp-json\/wp\/v2\/product_brand?post=33278"},{"taxonomy":"product_cat","embeddable":true,"href":"https:\/\/hanshin-imports.ch\/index.php\/wp-json\/wp\/v2\/product_cat?post=33278"},{"taxonomy":"product_tag","embeddable":true,"href":"https:\/\/hanshin-imports.ch\/index.php\/wp-json\/wp\/v2\/product_tag?post=33278"}],"curies":[{"name":"wp","href":"https:\/\/api.w.org\/{rel}","templated":true}]}}