{"id":14128,"date":"2020-08-12T10:47:00","date_gmt":"2020-08-12T10:47:00","guid":{"rendered":"http:\/\/hanshin-imports.ch\/?post_type=product&#038;p=14128"},"modified":"2026-03-10T13:48:03","modified_gmt":"2026-03-10T13:48:03","slug":"yokohama-advan-neova-ad08rs","status":"publish","type":"product","link":"https:\/\/hanshin-imports.ch\/index.php\/product\/yokohama-advan-neova-ad08rs\/","title":{"rendered":"Yokohama ADVAN Neova AD08RS"},"content":{"rendered":"<h1><span id=\"result_box\" lang=\"en\" xml:lang=\"en\"><span title=\"ADVAN NEOVA AD08R\">ADVAN NEOVA AD08RS<\/span><\/span><\/h1>\n<div class=\"content-container\">\n<p>The \u201cADVAN NEOVA AD08RS&#8221;, a street sports tyre.<\/p>\n<\/div>\n<div class=\"content-container\">\n<p>A re-engineered version of the \u201cADVAN NEOVA AD08R\u201d, the \u201cADVAN NEOVA AD08RS\u201d has been fine-tuned to meet Europe\u2019s ECE R117-02 S2WR2 regulation* and raise its environmental performance.<br \/>\nWhile keeping the tread pattern that earned the \u201cADVAN NEOVA AD08R\u201d a strong reputation for excellent control in dry and wet conditions and superior abrasion resistance, the \u201cADVAN NEOVA AD08RS\u201d uses a new compound that reduces rolling resistance.<br \/>\nThe new tyre achieves an excellent handling and low fuel consumption that will fully satisfy driving enthusiasts craving for \u201cspeed &amp; fun\u201d.<\/p>\n<p>* ECE R117-02 is an international standard established in June 2010 by the UNECE (United Nations Economic Commission for Europe) that stipulates technical requirements for tyre noise, rolling resistance and wet grip performance.<\/p>\n<\/div>\n<p>very special with steel reinforcements at the flanks, thus maximizing rigidity during strong cornering support.<\/p>\n<h3>Applications<\/h3>\n<ul>\n<li>Club racers<\/li>\n<li>Sport cars<\/li>\n<li>Tuning<\/li>\n<\/ul>\n<h3>Benefits<\/h3>\n<ul>\n<li>Sporty feeling<\/li>\n<li>The street-legal tyre complies with European standard for rolling resistance<\/li>\n<li>Stability and fast response during high-speed driving<\/li>\n<li>Faster than ever, from the 1st lap, keeping performance<\/li>\n<li>More controllable than ever, excellent cornering force<\/li>\n<\/ul>\n<h3>Features<\/h3>\n<ul>\n<li>The fine-tuned compound for sportiness<\/li>\n<li>Sequential Round Groove for long-life grip<\/li>\n<li>Uni-block Shoulder for rigidity of the tread<\/li>\n<li>Groove-in-Groove for even wear and stability<\/li>\n<\/ul>\n<table style=\"height: 202px;\" width=\"363\">\n<thead>\n<tr style=\"height: 42px;\">\n<th style=\"width: 353px; height: 42px;\" colspan=\"2\">EU LABEL GRADE<\/th>\n<\/tr>\n<\/thead>\n<tbody>\n<tr style=\"height: 40px;\">\n<td style=\"width: 271.164px; height: 40px;\">Fuel Efficiency<\/td>\n<td style=\"width: 75.8359px; height: 40px;\">D<\/td>\n<\/tr>\n<tr style=\"height: 40px;\">\n<td style=\"width: 271.164px; height: 40px;\">Wet Grip<\/td>\n<td style=\"width: 75.8359px; height: 40px;\">B &#8211; C<\/td>\n<\/tr>\n<tr style=\"height: 40px;\">\n<td style=\"width: 271.164px; height: 40px;\">External Noise Class<\/td>\n<td style=\"width: 75.8359px; height: 40px;\">B<\/td>\n<\/tr>\n<tr style=\"height: 40px;\">\n<td style=\"width: 271.164px; height: 40px;\">External Noise Value (dB)<\/td>\n<td style=\"width: 75.8359px; height: 40px;\">70 &#8211; 72<\/td>\n<\/tr>\n<\/tbody>\n<\/table>\n<div class=\"my-3\">\n<h2 class=\"text-uppercase mb-3\">PATTERN DESIGN<\/h2>\n<div class=\"d-flex flex-column flex-lg-row position-relative\">\n<div class=\"technology-image-wrapper trigger-product-modal\"><img loading=\"lazy\" decoding=\"async\" title=\"ad08rs_tread_pattern.jpg\" src=\"https:\/\/www.yokohama.eu\/fileadmin\/Assets\/Images\/Products\/ad08rs_tread_pattern.jpg\" alt=\"ad08rs_tread_pattern.jpg\" width=\"340\" height=\"402\" data-origin=\"\/fileadmin\/Assets\/Images\/Products\/ad08rs_tread_pattern.jpg\" \/><\/div>\n<\/div>\n<\/div>\n<div class=\"my-3\">\n<h2 class=\"text-uppercase mb-3\">1) SEQUENTIAL ROUND GROOVE<\/h2>\n<div class=\"d-flex flex-column flex-lg-row position-relative\">\n<div class=\"technology-image-wrapper trigger-product-modal\"><img loading=\"lazy\" decoding=\"async\" title=\"ad08rs_sequential_round_groove.jpg\" src=\"https:\/\/www.yokohama.eu\/fileadmin\/Assets\/Images\/Products\/ad08rs_sequential_round_groove.jpg\" alt=\"ad08rs_sequential_round_groove.jpg\" width=\"340\" height=\"340\" data-origin=\"\/fileadmin\/Assets\/Images\/Products\/ad08rs_sequential_round_groove.jpg\" \/><\/div>\n<div>\n<p>Forces from the road surface are spread and dissipated by the Round Grooves to improve the mileage.<br \/>\nThe positioning of the Grooves is also effective in draining water on wet surfaces.<\/p>\n<\/div>\n<\/div>\n<\/div>\n<div class=\"my-3\">\n<h2 class=\"text-uppercase mb-3\">2) UNI-BLOCK SHOULDER<\/h2>\n<div class=\"d-flex flex-column flex-lg-row position-relative\">\n<div class=\"technology-image-wrapper trigger-product-modal\"><img loading=\"lazy\" decoding=\"async\" title=\"ad08rs_uni_block_shoulder.jpg\" src=\"https:\/\/www.yokohama.eu\/fileadmin\/Assets\/Images\/Products\/ad08rs_uni_block_shoulder.jpg\" alt=\"ad08rs_uni_block_shoulder.jpg\" width=\"340\" height=\"340\" data-origin=\"\/fileadmin\/Assets\/Images\/Products\/ad08rs_uni_block_shoulder.jpg\" \/><\/div>\n<div>\n<p>Using circumferentially continuous Single Shoulder Blocks without any gabs, rigidity at tread is increased, ensuring a powerful grip.<\/p>\n<\/div>\n<\/div>\n<\/div>\n<div class=\"my-3\">\n<h2 class=\"text-uppercase mb-3\">3) GROOVES-IN-GROOVES<\/h2>\n<div class=\"d-flex flex-column flex-lg-row position-relative\">\n<div class=\"technology-image-wrapper trigger-product-modal\"><img loading=\"lazy\" decoding=\"async\" title=\"ad08rs_grooves_in_grooves.jpg\" src=\"https:\/\/www.yokohama.eu\/fileadmin\/Assets\/Images\/Products\/ad08rs_grooves_in_grooves.jpg\" alt=\"ad08rs_grooves_in_grooves.jpg\" width=\"340\" height=\"340\" data-origin=\"\/fileadmin\/Assets\/Images\/Products\/ad08rs_grooves_in_grooves.jpg\" \/><\/div>\n<div>\n<p>Micro Grooves on the Main Groove Walls ease the stress on each block edge, reducing uneven wear of the tyre and increasing stability when driving under harsh conditions.<\/p>\n<\/div>\n<\/div>\n<\/div>\n<div class=\"my-3\">\n<h2 class=\"text-uppercase mb-3\">IMPORTANT CARE AND USAGE INSTRUCTIONS FOR ADVAN NEOVA AD08RS:<\/h2>\n<div class=\"d-flex flex-column flex-lg-row position-relative\">\n<div>\n<p>The tyres were developed using high performance compounds which become brittle at low temperatures, and therefore should not be used in certain conditions. The tyres thus must be stored or used only at temperatures at or above 14\u00b0F (minus 10\u00b0C) to maintain performance characteristics and avoid any damage to the tyres or injury to persons or property.<\/p>\n<\/div>\n<\/div>\n<\/div>\n<p><strong><span lang=\"en\" xml:lang=\"en\"><span title=\"La carcasse du pneumatique est aussi tr\u00e8s particuli\u00e8re avec des renforts en acier au niveau des flancs, maximisant ainsi la rigidit\u00e9 lors de forts appuis en virage.\"><br \/>\n<\/span><span title=\"Ce nouveau pneumatique offre donc un maxi grip pour un maxi plaisir !\">This new tire offers a maximum grip for maximum pleasure!<\/span><\/span><\/strong><\/p>\n","protected":false},"excerpt":{"rendered":"<h3>Yokohama ADVAN Neova AD08RS semi-slick tires<\/h3>\n","protected":false},"featured_media":14160,"comment_status":"open","ping_status":"closed","template":"","meta":{"_et_pb_use_builder":"","_et_pb_old_content":"","_et_gb_content_width":"","_monsterinsights_skip_tracking":false,"_monsterinsights_sitenote_active":false,"_monsterinsights_sitenote_note":"","_monsterinsights_sitenote_category":0},"product_brand":[53],"product_cat":[5349,37,226,425,426,427,428,429,430,431,432,433,434,435,436,437,438,439,440,441,442,443,444,445,446,447,448,449,450,451,452,453,454,455,456,457,458,459,460,461,462,623,634,645,656,667,678,689,700,711,722,744,755,5020,5230,5231,5174,5038],"product_tag":[2060,4917,2062,1755,2061],"class_list":{"0":"post-14128","1":"product","2":"type-product","3":"status-publish","4":"has-post-thumbnail","6":"product_brand-yokohama-tire","7":"product_cat-clearance","8":"product_cat-wheels","9":"product_cat-wheels-2","10":"product_cat-wheels-3","11":"product_cat-wheels-4","12":"product_cat-wheels-5","13":"product_cat-wheels-6","14":"product_cat-wheels-7","15":"product_cat-wheels-8","16":"product_cat-wheels-9","17":"product_cat-wheels-10","18":"product_cat-wheels-11","19":"product_cat-wheels-12","20":"product_cat-wheels-13","21":"product_cat-wheels-14","22":"product_cat-wheels-15","23":"product_cat-wheels-16","24":"product_cat-wheels-17","25":"product_cat-wheels-18","26":"product_cat-wheels-19","27":"product_cat-wheels-20","28":"product_cat-wheels-21","29":"product_cat-wheels-22","30":"product_cat-wheels-23","31":"product_cat-wheels-24","32":"product_cat-wheels-25","33":"product_cat-wheels-26","34":"product_cat-wheels-27","35":"product_cat-wheels-28","36":"product_cat-wheels-29","37":"product_cat-wheels-30","38":"product_cat-wheels-31","39":"product_cat-wheels-32","40":"product_cat-wheels-33","41":"product_cat-wheels-34","42":"product_cat-wheels-35","43":"product_cat-wheels-36","44":"product_cat-wheels-37","45":"product_cat-wheels-38","46":"product_cat-wheels-39","47":"product_cat-wheels-40","48":"product_cat-wheels-41","49":"product_cat-wheels-42","50":"product_cat-wheels-43","51":"product_cat-wheels-44","52":"product_cat-wheels-45","53":"product_cat-wheels-46","54":"product_cat-wheels-47","55":"product_cat-wheels-48","56":"product_cat-wheels-49","57":"product_cat-wheels-50","58":"product_cat-wheels-52","59":"product_cat-wheels-53","60":"product_cat-wheels-54","61":"product_cat-wheels-lotus-elise","62":"product_cat-wheels-lotus-exige","63":"product_cat-wheels-and-accessories","64":"product_cat-yokohama","65":"product_tag-ad08r","66":"product_tag-ad08rs","67":"product_tag-semi-slick","68":"product_tag-tire","69":"product_tag-yokohama","70":"pa_properties-arguably-the-best-tire-of-the-market-when-grip-and-durability-are-important-to-you","71":"pa_road-legal-in-switzerland-yes","72":"pa_styles-radial-tire-with-semi-slick-properties","73":"pa_tire-size-yokohama-185-55r15","74":"pa_tire-size-yokohama-185-60r14","75":"pa_tire-size-yokohama-195-50r15","76":"pa_tire-size-yokohama-195-50r16","77":"pa_tire-size-yokohama-195-55r15","78":"pa_tire-size-yokohama-205-45r16","79":"pa_tire-size-yokohama-205-45r17","80":"pa_tire-size-yokohama-205-50r15","81":"pa_tire-size-yokohama-205-50r16","82":"pa_tire-size-yokohama-205-55r16","83":"pa_tire-size-yokohama-215-40r17","84":"pa_tire-size-yokohama-215-45r16","85":"pa_tire-size-yokohama-215-45r17","86":"pa_tire-size-yokohama-225-35r19","87":"pa_tire-size-yokohama-225-40r18","88":"pa_tire-size-yokohama-225-45r16","89":"pa_tire-size-yokohama-225-45r17","90":"pa_tire-size-yokohama-225-45r18","91":"pa_tire-size-yokohama-225-50r16","92":"pa_tire-size-yokohama-235-35r19","93":"pa_tire-size-yokohama-235-40r17","94":"pa_tire-size-yokohama-235-40r18","95":"pa_tire-size-yokohama-235-45r17","96":"pa_tire-size-yokohama-245-40r17","97":"pa_tire-size-yokohama-245-40r18","98":"pa_tire-size-yokohama-245-45r18","99":"pa_tire-size-yokohama-255-30r19","100":"pa_tire-size-yokohama-255-35r18","101":"pa_tire-size-yokohama-255-35r19","102":"pa_tire-size-yokohama-255-40r17","103":"pa_tire-size-yokohama-255-40r18","104":"pa_tire-size-yokohama-265-35r18","105":"pa_tire-size-yokohama-265-40r18","107":"first","108":"onbackorder","109":"sale","110":"taxable","111":"shipping-taxable","112":"purchasable","113":"product-type-variable"},"supplier_id":null,"supplier_sku":"","barcode":null,"atum_controlled":true,"out_stock_date":null,"out_stock_threshold":null,"inheritable":true,"inbound_stock":0,"stock_on_hold":0,"sold_today":0,"sales_last_days":6,"reserved_stock":0,"customer_returns":0,"warehouse_damage":0,"lost_in_post":0,"other_logs":0,"out_stock_days":0,"lost_sales":0,"has_location":false,"update_date":"2026-03-26T23:42:40","atum_locations":[],"atum_stock_status":"onbackorder","restock_status":false,"low_stock_amount":"","sales_update_date":"2025-12-16T10:02:53","calc_backorders":-14,"jetpack_sharing_enabled":true,"_links":{"self":[{"href":"https:\/\/hanshin-imports.ch\/index.php\/wp-json\/wp\/v2\/product\/14128","targetHints":{"allow":["GET"]}}],"collection":[{"href":"https:\/\/hanshin-imports.ch\/index.php\/wp-json\/wp\/v2\/product"}],"about":[{"href":"https:\/\/hanshin-imports.ch\/index.php\/wp-json\/wp\/v2\/types\/product"}],"replies":[{"embeddable":true,"href":"https:\/\/hanshin-imports.ch\/index.php\/wp-json\/wp\/v2\/comments?post=14128"}],"wp:featuredmedia":[{"embeddable":true,"href":"https:\/\/hanshin-imports.ch\/index.php\/wp-json\/wp\/v2\/media\/14160"}],"wp:attachment":[{"href":"https:\/\/hanshin-imports.ch\/index.php\/wp-json\/wp\/v2\/media?parent=14128"}],"wp:term":[{"taxonomy":"product_brand","embeddable":true,"href":"https:\/\/hanshin-imports.ch\/index.php\/wp-json\/wp\/v2\/product_brand?post=14128"},{"taxonomy":"product_cat","embeddable":true,"href":"https:\/\/hanshin-imports.ch\/index.php\/wp-json\/wp\/v2\/product_cat?post=14128"},{"taxonomy":"product_tag","embeddable":true,"href":"https:\/\/hanshin-imports.ch\/index.php\/wp-json\/wp\/v2\/product_tag?post=14128"}],"curies":[{"name":"wp","href":"https:\/\/api.w.org\/{rel}","templated":true}]}}