{"id":12454,"date":"2019-02-28T17:13:52","date_gmt":"2019-02-28T17:13:52","guid":{"rendered":"http:\/\/hanshin-imports.ch\/?post_type=product&#038;p=12454"},"modified":"2023-10-31T15:00:33","modified_gmt":"2023-10-31T15:00:33","slug":"warm-up-visco-charger","status":"publish","type":"product","link":"https:\/\/hanshin-imports.ch\/index.php\/product\/warm-up-visco-charger\/","title":{"rendered":"Warm up Visco Charger"},"content":{"rendered":"<div class=\"col-sm-9\">WARM UP VISCO CHARGER VC300 est un traitement modificateur de viscosit\u00e9 d&#8217;huile et reconditionneur de joint qui permet de r\u00e9duire les fuites et les consommations excessives d&#8217;huile des moteur de tous types de g\u00e9n\u00e9rations<\/div>\n","protected":false},"excerpt":{"rendered":"<p class=\"page-title\">WARM UP VISCO CHARGER VC300 est un traitement modificateur de viscosit\u00e9 d\u2019huile et reconditionneur de joint qui permet de r\u00e9duire les fuites et les consommations excessives d\u2019huile des moteur de tous types de g\u00e9n\u00e9rations<\/p>\n<p class=\"a-size-large a-spacing-none\">\n","protected":false},"featured_media":12455,"comment_status":"open","ping_status":"closed","template":"","meta":{"_et_pb_use_builder":"","_et_pb_old_content":"","_et_gb_content_width":"","_monsterinsights_skip_tracking":false,"_monsterinsights_sitenote_active":false,"_monsterinsights_sitenote_note":"","_monsterinsights_sitenote_category":0},"product_brand":[66],"product_cat":[612,600,611,610,609,608,607,606,605,604,603,602,601,5234,613,614,627,638,649,660,671,704,715,726,748,759,5227,598,41,228,577,578,579,580,581,582,583,584,585,586,588,599,597,596,595,594,593,592,591,590,589,587],"product_tag":[909,3936,3932],"class_list":{"0":"post-12454","1":"product","2":"type-product","3":"status-publish","4":"has-post-thumbnail","6":"product_brand-warm-up","7":"product_cat-fluids-38","8":"product_cat-fluids-26","9":"product_cat-fluids-37","10":"product_cat-fluids-36","11":"product_cat-fluids-35","12":"product_cat-fluids-34","13":"product_cat-fluids-33","14":"product_cat-fluids-32","15":"product_cat-fluids-31","16":"product_cat-fluids-30","17":"product_cat-fluids-29","18":"product_cat-fluids-28","19":"product_cat-fluids-27","20":"product_cat-fluids-lotus-exige","21":"product_cat-fluids-39","22":"product_cat-fluids-40","23":"product_cat-fluids-41","24":"product_cat-fluids-42","25":"product_cat-fluids-43","26":"product_cat-fluids-44","27":"product_cat-fluids-45","28":"product_cat-fluids-48","29":"product_cat-fluids-49","30":"product_cat-fluids-50","31":"product_cat-fluids-52","32":"product_cat-fluids-53","33":"product_cat-fluids-lotus-elise","34":"product_cat-fluids-24","35":"product_cat-fluids","36":"product_cat-fluids-2","37":"product_cat-fluids-3","38":"product_cat-fluids-4","39":"product_cat-fluids-5","40":"product_cat-fluids-6","41":"product_cat-fluids-7","42":"product_cat-fluids-8","43":"product_cat-fluids-9","44":"product_cat-fluids-10","45":"product_cat-fluids-11","46":"product_cat-fluids-12","47":"product_cat-fluids-14","48":"product_cat-fluids-25","49":"product_cat-fluids-23","50":"product_cat-fluids-22","51":"product_cat-fluids-21","52":"product_cat-fluids-20","53":"product_cat-fluids-19","54":"product_cat-fluids-18","55":"product_cat-fluids-17","56":"product_cat-fluids-16","57":"product_cat-fluids-15","58":"product_cat-fluids-13","59":"product_tag-engine-54","60":"product_tag-visco-charger","61":"product_tag-warm-up-2","63":"first","64":"outofstock","65":"taxable","66":"shipping-taxable","67":"purchasable","68":"product-type-simple"},"supplier_id":null,"supplier_sku":"","barcode":null,"atum_controlled":true,"out_stock_date":"2022-10-31 14:20:30","out_stock_threshold":null,"inheritable":false,"inbound_stock":0,"stock_on_hold":0,"sold_today":0,"sales_last_days":0,"reserved_stock":0,"customer_returns":0,"warehouse_damage":0,"lost_in_post":0,"other_logs":0,"out_stock_days":960,"lost_sales":0,"has_location":false,"update_date":"2025-06-18T09:37:00","atum_locations":[],"atum_stock_status":"outofstock","restock_status":false,"low_stock_amount":"","sales_update_date":"2025-06-18T09:37:00","calc_backorders":null,"jetpack_sharing_enabled":true,"_links":{"self":[{"href":"https:\/\/hanshin-imports.ch\/index.php\/wp-json\/wp\/v2\/product\/12454","targetHints":{"allow":["GET"]}}],"collection":[{"href":"https:\/\/hanshin-imports.ch\/index.php\/wp-json\/wp\/v2\/product"}],"about":[{"href":"https:\/\/hanshin-imports.ch\/index.php\/wp-json\/wp\/v2\/types\/product"}],"replies":[{"embeddable":true,"href":"https:\/\/hanshin-imports.ch\/index.php\/wp-json\/wp\/v2\/comments?post=12454"}],"wp:featuredmedia":[{"embeddable":true,"href":"https:\/\/hanshin-imports.ch\/index.php\/wp-json\/wp\/v2\/media\/12455"}],"wp:attachment":[{"href":"https:\/\/hanshin-imports.ch\/index.php\/wp-json\/wp\/v2\/media?parent=12454"}],"wp:term":[{"taxonomy":"product_brand","embeddable":true,"href":"https:\/\/hanshin-imports.ch\/index.php\/wp-json\/wp\/v2\/product_brand?post=12454"},{"taxonomy":"product_cat","embeddable":true,"href":"https:\/\/hanshin-imports.ch\/index.php\/wp-json\/wp\/v2\/product_cat?post=12454"},{"taxonomy":"product_tag","embeddable":true,"href":"https:\/\/hanshin-imports.ch\/index.php\/wp-json\/wp\/v2\/product_tag?post=12454"}],"curies":[{"name":"wp","href":"https:\/\/api.w.org\/{rel}","templated":true}]}}