{"id":12447,"date":"2019-02-28T14:46:17","date_gmt":"2019-02-28T14:46:17","guid":{"rendered":"http:\/\/hanshin-imports.ch\/?post_type=product&#038;p=12447"},"modified":"2026-04-21T07:15:34","modified_gmt":"2026-04-21T07:15:34","slug":"warm-up-injection-purge-diesel","status":"publish","type":"product","link":"https:\/\/hanshin-imports.ch\/index.php\/product\/warm-up-injection-purge-diesel\/","title":{"rendered":"50 % Until Liquidation Warm up INJECTION PURGE DIESEL"},"content":{"rendered":"<div class=\"page\" title=\"Page 1\">\n<div class=\"col-sm-9\">\n<div class=\"col-sm-9\">\n<h1 style=\"color: #e74e14;\"><span class=\"notranslate\">INJECTION PURGE DIESEL<\/span><\/h1>\n<h2 class=\"desc_page_prod\">Nettoyant injecteurs diesel, formule professionnelle. Application automobile, poids lourd, T.P., g\u00e9nie civil et agricole.<\/h2>\n<div>\n<div>\n<p style=\"text-align: center; float: left; padding-right: 5px;\"><img decoding=\"async\" style=\"padding-bottom: 5px;\" src=\"http:\/\/hanshin-imports.ch\/wp-content\/uploads\/2015\/03\/products-inj_encrass.jpg\" alt=\"inj_encrass.jpg\" \/><br \/>\nSyst\u00e8me d&#8217;injection encrass\u00e9,<br \/>\nbaisse de performances<\/p>\n<\/div>\n<div style=\"border-bottom: 1px solid #6c6c6c; margin-bottom: 10px;\">\n<p style=\"text-align: center;\"><img decoding=\"async\" style=\"padding-bottom: 5px;\" src=\"http:\/\/hanshin-imports.ch\/wp-content\/uploads\/2015\/03\/products-inj_norm.jpg\" alt=\"inj_norm.jpg\" \/><br \/>\nSyst\u00e8me d&#8217;injection propre,<br \/>\nperformances optimis\u00e9es<\/p>\n<\/div>\n<\/div>\n<p style=\"line-height: 16px; text-align: justify;\"><span class=\"notranslate\">WARM UP\u00ae INJECTION PURGE DIESEL<\/span> est une formule professionnelle sp\u00e9cialement d\u00e9velopp\u00e9e pour le nettoyage des syst\u00e8mes d&#8217;injection diesel, anciennes et nouvelles g\u00e9n\u00e9rations. Sa formule exclusive XT2 et <span class=\"notranslate\">XT3 PROCESS<\/span> permet de nettoyer le syst\u00e8me d&#8217;injection, am\u00e9liorer la lubrification des injecteurs et r\u00e9duire les encrassements li\u00e9s aux carburants conventionnels.<\/p>\n<h3 id=\"av_mf\">LES AVANTAGES<\/h3>\n<ul class=\"prod_av2\">\n<li>Formule professionnelle hautement concentr\u00e9e.<\/li>\n<li>Nettoie : tubulures, pompe haute pression, pompe de gavage, r\u00e9gulateur de d\u00e9bit, nez d&#8217;injecteur, aiguille, soupapes et chambre de combustion.<\/li>\n<li>R\u00e9tablit les performances d&#8217;origine du syst\u00e8me d&#8217;injection.<\/li>\n<li>R\u00e9duit la consommation de carburant. Supprime les trous \u00e0 l&#8217;acc\u00e9l\u00e9ration.<\/li>\n<li>Elimine r\u00e9sidus de combustion, calamine, d\u00e9p\u00f4ts et autres suies.<\/li>\n<li>R\u00e9duit l&#8217;encrassement de la chambre de combustion et de la vanne E.G.R.<\/li>\n<li>Am\u00e9liore les performances moteur et lubrifie le syst\u00e8me d&#8217;injection.<\/li>\n<li>Evite l\u2019usure et le grippage des injecteurs et de la pompe \u00e0 injection.<\/li>\n<li>Augmente l&#8217;indice de c\u00e9tane : + 3 points. Facilite le passage au test anti-pollution.<\/li>\n<li>Compatible : injection directe, injection indirecte, s\u00e9quentielle, common-rail, E.G.R., F.A.P., catalyseur \u00e0 oxydation, moteurs anciennes et nouvelles g\u00e9n\u00e9rations, carburants diesels conventionnels et biocarburants.<\/li>\n<li>Contient le proc\u00e9d\u00e9 XT2-ANTIFRICTION DU METAL : pour am\u00e9liorer la lubrification des injecteurs.<\/li>\n<li>Contient le proc\u00e9d\u00e9 XT3 POST-TRAITEMENT DES GAZ D&#8217;ECHAPPEMENT : pour r\u00e9duire les d\u00e9p\u00f4ts de suies carbon\u00e9es pr\u00e9sentes sur les soupapes et en chambre de combustion.<\/li>\n<li>Applicable en traitement pr\u00e9ventif (dans le carburant) mais surtout \u00e0 titre curatif par purge du syst\u00e8me d&#8217;injection afin de nettoyer la pompe \u00e0 injection et solutionner les d\u00e9buts de grippage des injecteurs.<\/li>\n<li>Une formule d\u00e9tergente sp\u00e9cifique aux carburants diesel afin de solutionner les probl\u00e9matiques d&#8217;encrassement d\u00e9riv\u00e9s de ces carburants (contrairement \u00e0 une formule \u00ab 2 en 1 : essence et diesel \u00bb qui reste d\u00e8s lors moins efficace).<\/li>\n<li>Poss\u00e8de une innocuit\u00e9 totale vis \u00e0 vis des mat\u00e9riaux et des surfaces, il est sans danger pour les joints.<\/li>\n<\/ul>\n<h3>DOSAGE ET M\u00c9THODE D&#8217;APPLICATION<\/h3>\n<ul class=\"prod_av2\">\n<li>Un flacon de 1 litre traite un plein jusqu&#8217;\u00e0 80 litres (automobile, poids lourd, v\u00e9hicules agricoles, g\u00e9nie civil, travaux publics).<\/li>\n<li>Appliquer avant le remplissage de carburant puis rouler en surr\u00e9gime pendant le plein trait\u00e9.<\/li>\n<li>Application curative par purge des injecteurs : moteur tournant, m\u00e9langer 500ml de IPD1000 avec 500ml de carburant diesel puis appliquer progressivement le m\u00e9lange par le filtre \u00e0 carburant ou directement par la pompe \u00e0 injection. Mettre les 500ml restant dans le r\u00e9servoir puis ajouter 20 litres de carburant et rouler en surr\u00e9gime jusqu&#8217;\u00e0 ce que le r\u00e9servoir soit vide. Appliquer tous les 10000 km ou 1 fois par an.<\/li>\n<li>Ne pas appliquer dans les carburants essence (pour les moteurs essence voir <a class=\"fich_link\" href=\"http:\/\/www.warmup.eu.com\/additifs-automobiles-injection-purge-petrol.html\" target=\"_blank\" rel=\"noopener\"><span class=\"notranslate\">WARM UP\u00ae INJECTION PURGE PETROL<\/span><\/a>).<\/li>\n<\/ul>\n<p>Dangereux. Respecter les pr\u00e9cautions d&#8217;emploi<\/p>\n<\/div>\n<\/div>\n<\/div>\n","protected":false},"excerpt":{"rendered":"<h2 class=\"page-title\">INJECTION PURGE DIESEL<\/h2>\n<p class=\"a-size-large a-spacing-none\">\n","protected":false},"featured_media":12448,"comment_status":"open","ping_status":"closed","template":"","meta":{"_et_pb_use_builder":"","_et_pb_old_content":"","_et_gb_content_width":"","_monsterinsights_skip_tracking":false,"_monsterinsights_sitenote_active":false,"_monsterinsights_sitenote_note":"","_monsterinsights_sitenote_category":0},"product_brand":[66],"product_cat":[5349,602,601,603,604,605,606,607,608,609,610,611,612,613,614,627,638,649,660,671,704,715,726,748,759,5227,5234,600,41,228,577,578,579,580,581,582,583,584,585,586,587,588,589,590,591,592,593,594,595,596,597,598,599],"product_tag":[909,3935,3932],"class_list":{"0":"post-12447","1":"product","2":"type-product","3":"status-publish","4":"has-post-thumbnail","6":"product_brand-warm-up","7":"product_cat-clearance","8":"product_cat-fluids-28","9":"product_cat-fluids-27","10":"product_cat-fluids-29","11":"product_cat-fluids-30","12":"product_cat-fluids-31","13":"product_cat-fluids-32","14":"product_cat-fluids-33","15":"product_cat-fluids-34","16":"product_cat-fluids-35","17":"product_cat-fluids-36","18":"product_cat-fluids-37","19":"product_cat-fluids-38","20":"product_cat-fluids-39","21":"product_cat-fluids-40","22":"product_cat-fluids-41","23":"product_cat-fluids-42","24":"product_cat-fluids-43","25":"product_cat-fluids-44","26":"product_cat-fluids-45","27":"product_cat-fluids-48","28":"product_cat-fluids-49","29":"product_cat-fluids-50","30":"product_cat-fluids-52","31":"product_cat-fluids-53","32":"product_cat-fluids-lotus-elise","33":"product_cat-fluids-lotus-exige","34":"product_cat-fluids-26","35":"product_cat-fluids","36":"product_cat-fluids-2","37":"product_cat-fluids-3","38":"product_cat-fluids-4","39":"product_cat-fluids-5","40":"product_cat-fluids-6","41":"product_cat-fluids-7","42":"product_cat-fluids-8","43":"product_cat-fluids-9","44":"product_cat-fluids-10","45":"product_cat-fluids-11","46":"product_cat-fluids-12","47":"product_cat-fluids-13","48":"product_cat-fluids-14","49":"product_cat-fluids-15","50":"product_cat-fluids-16","51":"product_cat-fluids-17","52":"product_cat-fluids-18","53":"product_cat-fluids-19","54":"product_cat-fluids-20","55":"product_cat-fluids-21","56":"product_cat-fluids-22","57":"product_cat-fluids-23","58":"product_cat-fluids-24","59":"product_cat-fluids-25","60":"product_tag-engine-54","61":"product_tag-injection-purge-diesel","62":"product_tag-warm-up-2","64":"first","65":"outofstock","66":"sale","67":"taxable","68":"shipping-taxable","69":"purchasable","70":"product-type-simple"},"supplier_id":null,"supplier_sku":"","barcode":null,"atum_controlled":true,"out_stock_date":"2026-04-21 07:15:34","out_stock_threshold":null,"inheritable":false,"inbound_stock":0,"stock_on_hold":0,"sold_today":0,"sales_last_days":0,"reserved_stock":0,"customer_returns":0,"warehouse_damage":0,"lost_in_post":0,"other_logs":0,"out_stock_days":0,"lost_sales":0,"has_location":false,"update_date":"2026-04-21T07:16:22","atum_locations":[],"atum_stock_status":"outofstock","restock_status":false,"low_stock_amount":"","sales_update_date":"2026-04-21T07:16:22","calc_backorders":null,"jetpack_sharing_enabled":true,"_links":{"self":[{"href":"https:\/\/hanshin-imports.ch\/index.php\/wp-json\/wp\/v2\/product\/12447","targetHints":{"allow":["GET"]}}],"collection":[{"href":"https:\/\/hanshin-imports.ch\/index.php\/wp-json\/wp\/v2\/product"}],"about":[{"href":"https:\/\/hanshin-imports.ch\/index.php\/wp-json\/wp\/v2\/types\/product"}],"replies":[{"embeddable":true,"href":"https:\/\/hanshin-imports.ch\/index.php\/wp-json\/wp\/v2\/comments?post=12447"}],"wp:featuredmedia":[{"embeddable":true,"href":"https:\/\/hanshin-imports.ch\/index.php\/wp-json\/wp\/v2\/media\/12448"}],"wp:attachment":[{"href":"https:\/\/hanshin-imports.ch\/index.php\/wp-json\/wp\/v2\/media?parent=12447"}],"wp:term":[{"taxonomy":"product_brand","embeddable":true,"href":"https:\/\/hanshin-imports.ch\/index.php\/wp-json\/wp\/v2\/product_brand?post=12447"},{"taxonomy":"product_cat","embeddable":true,"href":"https:\/\/hanshin-imports.ch\/index.php\/wp-json\/wp\/v2\/product_cat?post=12447"},{"taxonomy":"product_tag","embeddable":true,"href":"https:\/\/hanshin-imports.ch\/index.php\/wp-json\/wp\/v2\/product_tag?post=12447"}],"curies":[{"name":"wp","href":"https:\/\/api.w.org\/{rel}","templated":true}]}}